{"id":1534,"date":"2015-03-11T16:53:11","date_gmt":"2015-03-11T21:53:11","guid":{"rendered":"http:\/\/tridimensionar.com\/?page_id=1534"},"modified":"2016-02-08T14:12:56","modified_gmt":"2016-02-08T19:12:56","slug":"vivienda","status":"publish","type":"page","link":"https:\/\/tridimensionar.com\/?page_id=1534&lang=es","title":{"rendered":"VIVIENDA"},"content":{"rendered":"<img src='wp-content\/uploads\/2014\/galeriaportafolio\/07vivienda\/frontal\/vivienda.jpg' height='auto' width='100%' title='' alt='' class='resize' \/>\n<p>&nbsp;<\/p>\n<p><strong>VIVIENDA<\/strong><br \/>\n<span style=\"font-size: 13px; text-align: justify;\"><br \/>\n<\/span><\/p>\n<style type=\"text\/css\">\r\n\t#foogallery-gallery-1855 .fg-image {\r\n        width: 200px;\r\n    }\r\n<\/style>\r\n\t\t\t\t<div class=\"foogallery foogallery-container foogallery-default foogallery-lightbox-foobox-free fg-gutter-25 fg-center fg-default fg-light fg-border-thin fg-shadow-small fg-loading-default fg-loaded-fade-in fg-hover-fade fg-hover-zoom fg-ready\" id=\"foogallery-gallery-1855\" data-foogallery=\"{&quot;item&quot;:{&quot;showCaptionTitle&quot;:false,&quot;showCaptionDescription&quot;:false},&quot;lazy&quot;:true}\" >\r\n\t<div class=\"fg-item fg-type-image fg-idle\"><figure class=\"fg-item-inner\"><a href=\"https:\/\/tridimensionar.com\/wp-content\/uploads\/2015\/08\/tridimensionar-vivienda-1.jpg\" data-attachment-id=\"1856\" class=\"fg-thumb\"><span class=\"fg-image-wrap\"><img width=\"200\" height=\"200\" class=\"skip-lazy fg-image\" data-src-fg=\"https:\/\/tridimensionar.com\/wp-content\/uploads\/cache\/2015\/08\/tridimensionar-vivienda-1\/1822581524.jpg\" src=\"data:image\/svg+xml,%3Csvg%20xmlns%3D%22http%3A%2F%2Fwww.w3.org%2F2000%2Fsvg%22%20width%3D%22200%22%20height%3D%22200%22%20viewBox%3D%220%200%20200%20200%22%3E%3C%2Fsvg%3E\" loading=\"eager\" title=\"\" alt=\"\" \/><\/span><span class=\"fg-image-overlay\"><\/span><\/a><figcaption class=\"fg-caption\"><div class=\"fg-caption-inner\"><\/div><\/figcaption><\/figure><div class=\"fg-loader\"><\/div><\/div><div class=\"fg-item fg-type-image fg-idle\"><figure class=\"fg-item-inner\"><a href=\"https:\/\/tridimensionar.com\/wp-content\/uploads\/2015\/08\/tridimensionar-vivienda-2.jpg\" data-attachment-id=\"1857\" class=\"fg-thumb\"><span class=\"fg-image-wrap\"><img width=\"200\" height=\"200\" class=\"skip-lazy fg-image\" data-src-fg=\"https:\/\/tridimensionar.com\/wp-content\/uploads\/cache\/2015\/08\/tridimensionar-vivienda-2\/1087844886.jpg\" src=\"data:image\/svg+xml,%3Csvg%20xmlns%3D%22http%3A%2F%2Fwww.w3.org%2F2000%2Fsvg%22%20width%3D%22200%22%20height%3D%22200%22%20viewBox%3D%220%200%20200%20200%22%3E%3C%2Fsvg%3E\" loading=\"eager\" title=\"\" alt=\"\" \/><\/span><span class=\"fg-image-overlay\"><\/span><\/a><figcaption class=\"fg-caption\"><div class=\"fg-caption-inner\"><\/div><\/figcaption><\/figure><div class=\"fg-loader\"><\/div><\/div><div class=\"fg-item fg-type-image fg-idle\"><figure class=\"fg-item-inner\"><a href=\"https:\/\/tridimensionar.com\/wp-content\/uploads\/2015\/08\/tridimensionar-vivienda-3.jpg\" data-attachment-id=\"1858\" class=\"fg-thumb\"><span class=\"fg-image-wrap\"><img width=\"200\" height=\"200\" class=\"skip-lazy fg-image\" data-src-fg=\"https:\/\/tridimensionar.com\/wp-content\/uploads\/cache\/2015\/08\/tridimensionar-vivienda-3\/1107114594.jpg\" src=\"data:image\/svg+xml,%3Csvg%20xmlns%3D%22http%3A%2F%2Fwww.w3.org%2F2000%2Fsvg%22%20width%3D%22200%22%20height%3D%22200%22%20viewBox%3D%220%200%20200%20200%22%3E%3C%2Fsvg%3E\" loading=\"eager\" title=\"\" alt=\"\" \/><\/span><span class=\"fg-image-overlay\"><\/span><\/a><figcaption class=\"fg-caption\"><div class=\"fg-caption-inner\"><\/div><\/figcaption><\/figure><div class=\"fg-loader\"><\/div><\/div><div class=\"fg-item fg-type-image fg-idle\"><figure class=\"fg-item-inner\"><a href=\"https:\/\/tridimensionar.com\/wp-content\/uploads\/2015\/08\/tridimensionar-vivienda-4.jpg\" data-attachment-id=\"1859\" class=\"fg-thumb\"><span class=\"fg-image-wrap\"><img width=\"200\" height=\"200\" class=\"skip-lazy fg-image\" data-src-fg=\"https:\/\/tridimensionar.com\/wp-content\/uploads\/cache\/2015\/08\/tridimensionar-vivienda-4\/3921831322.jpg\" src=\"data:image\/svg+xml,%3Csvg%20xmlns%3D%22http%3A%2F%2Fwww.w3.org%2F2000%2Fsvg%22%20width%3D%22200%22%20height%3D%22200%22%20viewBox%3D%220%200%20200%20200%22%3E%3C%2Fsvg%3E\" loading=\"eager\" title=\"\" alt=\"\" \/><\/span><span class=\"fg-image-overlay\"><\/span><\/a><figcaption class=\"fg-caption\"><div class=\"fg-caption-inner\"><\/div><\/figcaption><\/figure><div class=\"fg-loader\"><\/div><\/div><div class=\"fg-item fg-type-image fg-idle\"><figure class=\"fg-item-inner\"><a href=\"https:\/\/tridimensionar.com\/wp-content\/uploads\/2015\/08\/tridimensionar-vivienda-5.jpg\" data-attachment-id=\"1860\" class=\"fg-thumb\"><span class=\"fg-image-wrap\"><img width=\"200\" height=\"200\" class=\"skip-lazy fg-image\" data-src-fg=\"https:\/\/tridimensionar.com\/wp-content\/uploads\/cache\/2015\/08\/tridimensionar-vivienda-5\/865593507.jpg\" src=\"data:image\/svg+xml,%3Csvg%20xmlns%3D%22http%3A%2F%2Fwww.w3.org%2F2000%2Fsvg%22%20width%3D%22200%22%20height%3D%22200%22%20viewBox%3D%220%200%20200%20200%22%3E%3C%2Fsvg%3E\" loading=\"eager\" title=\"\" alt=\"\" \/><\/span><span class=\"fg-image-overlay\"><\/span><\/a><figcaption class=\"fg-caption\"><div class=\"fg-caption-inner\"><\/div><\/figcaption><\/figure><div class=\"fg-loader\"><\/div><\/div><div class=\"fg-item fg-type-image fg-idle\"><figure class=\"fg-item-inner\"><a href=\"https:\/\/tridimensionar.com\/wp-content\/uploads\/2016\/11\/07-Catalana-Isometr\u00eda-Aptomedia.png\" data-attachment-id=\"1917\" class=\"fg-thumb\"><span class=\"fg-image-wrap\"><img width=\"200\" height=\"200\" class=\"skip-lazy fg-image\" data-src-fg=\"https:\/\/tridimensionar.com\/wp-content\/uploads\/cache\/2016\/11\/07-Catalana-Isometr\u00eda-Aptomedia\/3564056319.png\" src=\"data:image\/svg+xml,%3Csvg%20xmlns%3D%22http%3A%2F%2Fwww.w3.org%2F2000%2Fsvg%22%20width%3D%22200%22%20height%3D%22200%22%20viewBox%3D%220%200%20200%20200%22%3E%3C%2Fsvg%3E\" loading=\"eager\" title=\"\" alt=\"\" \/><\/span><span class=\"fg-image-overlay\"><\/span><\/a><figcaption class=\"fg-caption\"><div class=\"fg-caption-inner\"><\/div><\/figcaption><\/figure><div class=\"fg-loader\"><\/div><\/div><\/div>\r\n\n<p><a href=\"http:\/\/catalana.com.co\" title=\"Proyecto Tridimensionar: Unidad Residencial Catalana (Popay\u00e1n)\" target=\"_blank\"><img class=\"aligncenter\" src=\"http:\/\/tridimensionar.com\/wp-content\/uploads\/2015\/03\/tridimensionar-vivienda-catalana-popayan.jpg\" alt=\"Proyecto Tridimensionar: Unidad Residencial Catalana (Popay\u00e1n)\" width=\"50%\" \/><\/a><\/p>\n<p><span style=\"font-size: 13px; text-align: justify;\"><br \/>\nClick aqu\u00ed para ver m\u00e1s im\u00e1genes<br \/>\n<span class=\"wp-easy-gallery\"><a onclick=\"var images=['wp-content\/uploads\/2014\/galeriaportafolio\/07vivienda\/Tridimensionar-Vivienda%20(1).jpg', 'wp-content\/uploads\/2014\/galeriaportafolio\/07vivienda\/Tridimensionar-Vivienda%20(2).jpg', 'wp-content\/uploads\/2014\/galeriaportafolio\/07vivienda\/Tridimensionar-Vivienda%20(3).jpg', 'wp-content\/uploads\/2014\/galeriaportafolio\/07vivienda\/Tridimensionar-Vivienda%20(4).jpg', 'wp-content\/uploads\/2014\/galeriaportafolio\/07vivienda\/Tridimensionar-Vivienda%20(5).jpg', 'wp-content\/uploads\/2014\/galeriaportafolio\/07vivienda\/Tridimensionar-Vivienda%20(6).jpg', 'wp-content\/uploads\/2014\/galeriaportafolio\/07vivienda\/Tridimensionar-Vivienda%20(7).jpg', 'wp-content\/uploads\/2014\/galeriaportafolio\/07vivienda\/Tridimensionar-Vivienda%20(8).jpg', 'wp-content\/uploads\/2014\/galeriaportafolio\/07vivienda\/Tridimensionar-Vivienda%20(9).jpg', 'wp-content\/uploads\/2014\/galeriaportafolio\/07vivienda\/Tridimensionar-Vivienda%20(10).jpg', 'wp-content\/uploads\/2014\/galeriaportafolio\/07vivienda\/Tridimensionar-Vivienda%20(11).jpg', 'wp-content\/uploads\/2014\/galeriaportafolio\/07vivienda\/Tridimensionar-Vivienda%20(12).jpg', 'wp-content\/uploads\/2014\/galeriaportafolio\/07vivienda\/Tridimensionar-Vivienda%20(13).jpg', 'wp-content\/uploads\/2014\/galeriaportafolio\/07vivienda\/Tridimensionar-Vivienda%20(14).jpg', 'wp-content\/uploads\/2014\/galeriaportafolio\/07vivienda\/Tridimensionar-Vivienda%20(15).jpg', 'wp-content\/uploads\/2014\/galeriaportafolio\/07vivienda\/Tridimensionar-Vivienda%20(16).jpg', 'wp-content\/uploads\/2014\/galeriaportafolio\/07vivienda\/Tridimensionar-Vivienda%20(17).jpg', 'wp-content\/uploads\/2014\/galeriaportafolio\/07vivienda\/Tridimensionar-Vivienda%20(18).jpg', 'wp-content\/uploads\/2014\/galeriaportafolio\/07vivienda\/Tridimensionar-Vivienda%20(19).jpg', 'wp-content\/uploads\/2014\/galeriaportafolio\/07vivienda\/Tridimensionar-Vivienda%20(20).jpg', 'wp-content\/uploads\/2014\/galeriaportafolio\/07vivienda\/Tridimensionar-Vivienda%20(21).jpg', 'wp-content\/uploads\/2014\/galeriaportafolio\/07vivienda\/Tridimensionar-Vivienda%20(22).jpg', 'wp-content\/uploads\/2014\/galeriaportafolio\/07vivienda\/Tridimensionar-Vivienda%20(23).jpg', 'wp-content\/uploads\/2014\/galeriaportafolio\/07vivienda\/Tridimensionar-Vivienda%20(24).jpg', 'wp-content\/uploads\/2014\/galeriaportafolio\/07vivienda\/Tridimensionar-Vivienda%20(25).jpg', 'wp-content\/uploads\/2014\/galeriaportafolio\/07vivienda\/Tridimensionar-Vivienda%20(26).jpg', 'wp-content\/uploads\/2014\/galeriaportafolio\/07vivienda\/Tridimensionar-Vivienda%20(27).jpg', 'wp-content\/uploads\/2014\/galeriaportafolio\/07vivienda\/Tridimensionar-Vivienda%20(28).jpg', 'wp-content\/uploads\/2014\/galeriaportafolio\/07vivienda\/Tridimensionar-Vivienda%20(29).jpg', 'wp-content\/uploads\/2014\/galeriaportafolio\/07vivienda\/Tridimensionar-Vivienda%20(30).jpg', 'wp-content\/uploads\/2014\/galeriaportafolio\/07vivienda\/Tridimensionar-Vivienda%20(31).jpg', 'wp-content\/uploads\/2014\/galeriaportafolio\/07vivienda\/Tridimensionar-Vivienda%20(32).jpg', 'wp-content\/uploads\/2014\/galeriaportafolio\/07vivienda\/Tridimensionar-Vivienda%20(33).jpg', 'wp-content\/uploads\/2014\/galeriaportafolio\/07vivienda\/Tridimensionar-Vivienda%20(34).jpg', 'wp-content\/uploads\/2014\/galeriaportafolio\/07vivienda\/Tridimensionar-Vivienda%20(35).jpg', 'wp-content\/uploads\/2014\/galeriaportafolio\/07vivienda\/Tridimensionar-Vivienda%20(36).jpg', 'wp-content\/uploads\/2014\/galeriaportafolio\/07vivienda\/Tridimensionar-Vivienda%20(37).jpg', 'wp-content\/uploads\/2014\/galeriaportafolio\/07vivienda\/Tridimensionar-Vivienda%20(38).jpg', 'wp-content\/uploads\/2014\/galeriaportafolio\/07vivienda\/Tridimensionar-Vivienda%20(39).jpg', 'wp-content\/uploads\/2014\/galeriaportafolio\/07vivienda\/Tridimensionar-Vivienda%20(40).jpg', 'wp-content\/uploads\/2014\/galeriaportafolio\/07vivienda\/Tridimensionar-Vivienda%20(41).jpg', 'wp-content\/uploads\/2014\/galeriaportafolio\/07vivienda\/Tridimensionar-Vivienda%20(42).jpg', 'wp-content\/uploads\/2014\/galeriaportafolio\/07vivienda\/Tridimensionar-Vivienda%20(43).jpg', 'wp-content\/uploads\/2014\/galeriaportafolio\/07vivienda\/Tridimensionar-Vivienda%20(44).jpg', 'wp-content\/uploads\/2014\/galeriaportafolio\/07vivienda\/Tridimensionar-Vivienda%20(45).jpg']; var titles=['', '', '', '', '', '', '', '', '', '', '', '', '', '', '', '', '', '', '', '', '', '', '', '', '', '', '', '', '', '', '', '', '', '', '', '', '', '', '', '', '', '', '', '', '']; var descriptions=['', '', '', '', '', '', '', '', '', '', '', '', '', '', '', '', '', '', '', '', '', '', '', '', '', '', '', '', '', '', '', '', '', '', '', '', '', '', '', '', '', '', '', '', '']; jQuery.prettyPhoto.open(images,titles,descriptions);\" title=\"Galeria Vivienda\" style=\"cursor: pointer;\"><img class=\"dShadow trans\" src=\"wp-content\/uploads\/2014\/galeriaportafolio\/07vivienda\/Tridimensionar-Vivienda%20(1).jpg\"   border=\"0\" alt=\"Galeria Vivienda\" \/><\/a><\/span><\/span><\/p>\n<p>&nbsp;<\/p>\n","protected":false},"excerpt":{"rendered":"<p>&nbsp; VIVIENDA Click aqu\u00ed para ver m\u00e1s im\u00e1genes &nbsp;<\/p>\n","protected":false},"author":1,"featured_media":0,"parent":0,"menu_order":0,"comment_status":"closed","ping_status":"closed","template":"template-fullwidth.php","meta":{"ngg_post_thumbnail":0},"categories":[],"tags":[],"_links":{"self":[{"href":"https:\/\/tridimensionar.com\/index.php?rest_route=\/wp\/v2\/pages\/1534"}],"collection":[{"href":"https:\/\/tridimensionar.com\/index.php?rest_route=\/wp\/v2\/pages"}],"about":[{"href":"https:\/\/tridimensionar.com\/index.php?rest_route=\/wp\/v2\/types\/page"}],"author":[{"embeddable":true,"href":"https:\/\/tridimensionar.com\/index.php?rest_route=\/wp\/v2\/users\/1"}],"replies":[{"embeddable":true,"href":"https:\/\/tridimensionar.com\/index.php?rest_route=%2Fwp%2Fv2%2Fcomments&post=1534"}],"version-history":[{"count":26,"href":"https:\/\/tridimensionar.com\/index.php?rest_route=\/wp\/v2\/pages\/1534\/revisions"}],"predecessor-version":[{"id":1899,"href":"https:\/\/tridimensionar.com\/index.php?rest_route=\/wp\/v2\/pages\/1534\/revisions\/1899"}],"wp:attachment":[{"href":"https:\/\/tridimensionar.com\/index.php?rest_route=%2Fwp%2Fv2%2Fmedia&parent=1534"}],"wp:term":[{"taxonomy":"category","embeddable":true,"href":"https:\/\/tridimensionar.com\/index.php?rest_route=%2Fwp%2Fv2%2Fcategories&post=1534"},{"taxonomy":"post_tag","embeddable":true,"href":"https:\/\/tridimensionar.com\/index.php?rest_route=%2Fwp%2Fv2%2Ftags&post=1534"}],"curies":[{"name":"wp","href":"https:\/\/api.w.org\/{rel}","templated":true}]}}