{"id":356,"date":"2014-05-27T22:42:53","date_gmt":"2014-05-27T22:42:53","guid":{"rendered":"http:\/\/tridimensionar.com\/?page_id=356"},"modified":"2017-06-14T14:16:07","modified_gmt":"2017-06-14T19:16:07","slug":"presentacion","status":"publish","type":"page","link":"https:\/\/tridimensionar.com\/?page_id=356&lang=es","title":{"rendered":"PRESENTACI\u00d3N"},"content":{"rendered":"<img src='wp-content\/uploads\/2014\/06\/Presentacion Tridimensionar.jpg' height='auto' width='100%' title='' alt='' class='resize' \/>\n<div class=\"clear\">\n<p style=\"text-align: justify;\">Somos una compa\u00f1\u00eda especializada en la prestaci\u00f3n de servicios integrales de dise\u00f1o e ingenier\u00eda en el \u00e1rea de la construcci\u00f3n, nuestra experiencia de m\u00e1s de 10 a\u00f1os en el mercado nos permite tener un conocimiento muy amplio y desarrollar proyectos de arquitectura, dise\u00f1o, ingenier\u00eda, construcci\u00f3n, interiorismo y fabricaci\u00f3n de mobiliarios habitacionales y comerciales.<\/p>\n<p>Ponemos a su disposici\u00f3n nuestra amplia experiencia para garantizar la prestaci\u00f3n de un servicio basado en un riguroso programa de planeaci\u00f3n y eficacia en los proyectos, lo cual representa gran confianza y seguridad para nuestros clientes. Es as\u00ed que nuestro compromiso es trabajar para que sus proyectos se realicen en el tiempo y presupuesto fijados.<\/p>\n<\/div>\n<p><strong>INNOVACI\u00d3N<\/strong><br \/>\n<blockquote class='style2'><p>Nuestro departamento de dise\u00f1o est\u00e1 en constante investigaci\u00f3n y desarrollo de nuevas tendencias, nuevos materiales y tecnolog\u00edas de punta para ofrecer verdaderos valores agregados y as\u00ed proveer a nuestros clientes servicios en altos niveles de competitividad. <\/p><\/blockquote><\/p>\n<div class=\"clear\">\n<div class=\"one-half\">\n<p style=\"text-align: justify;\"><strong>MISI\u00d3N<\/strong><br \/>\nTRIDIMENSIONAR S.A. tiene como misi\u00f3n la realizaci\u00f3n de proyectos de construcci\u00f3n y renovaci\u00f3n de cualquier tipo de edificaci\u00f3n, empleando dise\u00f1os innovadores, proyecciones financieras y tecnolog\u00eda de avanzada para minimizar los riesgos de inversi\u00f3n; aplicando est\u00e1ndares de calidad que superen las expectativas de nuestros clientes y accionistas, maximizando su rentabilidad.<\/p>\n<\/div>\n<div class=\"one-half last\">\n<p style=\"text-align: justify;\"><strong>VISI\u00d3N<\/strong><br \/>\nTRIDIMENSIONAR S.A. se consolidar\u00e1 desde el sur occidente colombiano, con proyecci\u00f3n internacional, como una compa\u00f1\u00eda especializada en el desarrollo y la ejecuci\u00f3n de proyectos de obra civil que materialicen los sue\u00f1os de inversionistas y propietarios de inmuebles, ofreci\u00e9ndoles soluciones \u00f3ptimas soportadas en la integraci\u00f3n de las \u00e1reas de arquitectura, ingenier\u00eda, evaluaci\u00f3n financiera y mercadeo, garantizando as\u00ed el \u00e9xito de sus inversiones generando beneficios y utilidades para sus clientes y creando valor para sus accionistas.<\/p>\n<\/div>\n<\/div>\n<p><strong>VALORES CORPORATIVOS<\/strong><br \/>\n<ul class=\"tick\"><\/p>\n<ul>\n<li>Trabajo en equipo y compromiso como base fundamental de nuestra compa\u00f1\u00eda.<\/li>\n<li>Consideraci\u00f3n con el cliente.<\/li>\n<li>Efectividad, realizaci\u00f3n final del sue\u00f1o de nuestro cliente.<\/li>\n<li>Tes\u00f3n, esfuerzo y determinaci\u00f3n para el logro de los objetivos.<\/li>\n<li>Integridad, entereza en nuestras actuaciones, siempre basadas en la verdad.<\/li>\n<\/ul>\n<p><\/ul><br \/>\n&nbsp;<br \/>\n&nbsp;<\/p>\n<div><b>AVISO DE PRIVACIDAD<\/b>&nbsp;<\/div>\n<p style=\"text-align: justify; color:#70bf44\" >TRIDIMENSIONAR S.A., en cumplimiento a lo establecido en la Ley 1581 de 2012 y a lo previsto en el Decreto 1377 de 2013, con el objeto de informar a todas las personas cuyos datos personales se encuentran en nuestra base de datos, que los mismos se han recopilado para el desarrollo de diversos procesos relacionados directamente con nuestro objeto social, conforme a lo establecido en nuestra <a href=\"http:\/\/tridimensionar.com\/wp-content\/uploads\/2017\/06\/Pol\u00edtica-Tratamiento-de-Datos-Tridimensionar-SA-PP.pdf\" target=\"_blank\" rel=\"noopener noreferrer\"><b>Pol\u00edtica para el Tratamiento de Datos Personales.<\/b><\/a> El uso y manejo de los mismos se efect\u00faa bajo estrictos est\u00e1ndares de Responsabilidad, dentro de los cuales est\u00e1 el respeto al debido proceso y a la protecci\u00f3n de la informaci\u00f3n.<\/p>\n","protected":false},"excerpt":{"rendered":"<p>Somos una compa\u00f1\u00eda especializada en la prestaci\u00f3n de servicios integrales de dise\u00f1o e ingenier\u00eda en el \u00e1rea de la construcci\u00f3n, nuestra experiencia de m\u00e1s de 10 a\u00f1os en el mercado [&hellip;]<\/p>\n","protected":false},"author":1,"featured_media":0,"parent":0,"menu_order":0,"comment_status":"closed","ping_status":"open","template":"template-fullwidth.php","meta":{"ngg_post_thumbnail":0},"categories":[],"tags":[],"_links":{"self":[{"href":"https:\/\/tridimensionar.com\/index.php?rest_route=\/wp\/v2\/pages\/356"}],"collection":[{"href":"https:\/\/tridimensionar.com\/index.php?rest_route=\/wp\/v2\/pages"}],"about":[{"href":"https:\/\/tridimensionar.com\/index.php?rest_route=\/wp\/v2\/types\/page"}],"author":[{"embeddable":true,"href":"https:\/\/tridimensionar.com\/index.php?rest_route=\/wp\/v2\/users\/1"}],"replies":[{"embeddable":true,"href":"https:\/\/tridimensionar.com\/index.php?rest_route=%2Fwp%2Fv2%2Fcomments&post=356"}],"version-history":[{"count":25,"href":"https:\/\/tridimensionar.com\/index.php?rest_route=\/wp\/v2\/pages\/356\/revisions"}],"predecessor-version":[{"id":1933,"href":"https:\/\/tridimensionar.com\/index.php?rest_route=\/wp\/v2\/pages\/356\/revisions\/1933"}],"wp:attachment":[{"href":"https:\/\/tridimensionar.com\/index.php?rest_route=%2Fwp%2Fv2%2Fmedia&parent=356"}],"wp:term":[{"taxonomy":"category","embeddable":true,"href":"https:\/\/tridimensionar.com\/index.php?rest_route=%2Fwp%2Fv2%2Fcategories&post=356"},{"taxonomy":"post_tag","embeddable":true,"href":"https:\/\/tridimensionar.com\/index.php?rest_route=%2Fwp%2Fv2%2Ftags&post=356"}],"curies":[{"name":"wp","href":"https:\/\/api.w.org\/{rel}","templated":true}]}}