{"id":360,"date":"2014-05-27T22:43:15","date_gmt":"2014-05-27T22:43:15","guid":{"rendered":"http:\/\/tridimensionar.com\/?page_id=360"},"modified":"2015-05-04T10:28:01","modified_gmt":"2015-05-04T15:28:01","slug":"noticias","status":"publish","type":"page","link":"https:\/\/tridimensionar.com\/?page_id=360&lang=es","title":{"rendered":"NOTICIAS"},"content":{"rendered":"<h4 class=\"toggle\"><a href=\"#\">AMCHAM Colombia<\/a><\/h4><div class=\"toggle_container\"><br \/>\n<div class=\"one-fourth\"><img src='wp-content\/uploads\/2014\/07\/noticia_jul10-14.jpg' height='auto' width='185px' title='' alt='' class='' \/>\u00a0<\/div><br \/>\n<div class=\"two-half\"><strong>Jul \/ 10 \/ 2014<\/strong><br \/>\n<a href=\"\/web\/?attachment_id=1279\" target=\"_blank\">Armon\u00eda y Funcionalidad &#8211; Business Newsletter (Edici\u00f3n 14, p\u00e1gina 6) <\/a><br \/>\n<a href=\"http:\/\/www.amchamcali.com\" target=\"_blank\">www.amchamcali.com<\/a><\/div><br \/>\n<\/div>\n<h4 class=\"toggle\"><a href=\"#\">Nota Diario El Tiempo<\/a><\/h4><div class=\"toggle_container\"><br \/>\n<div class=\"one-fourth\"><img src='wp-content\/uploads\/2014\/05\/espumados.jpg' height='auto' width='215px' title='' alt='' class='' \/>\u00a0<\/div><br \/>\n<div class=\"two-half\"><strong>Jul \/ 30 \/ 2011<\/strong><br \/>\n<a href=\"http:\/\/www.eltiempo.com\/archivo\/documento\/MAM-4719719\" target=\"_blank\">Espumados estrena sede en Bogot\u00e1<\/a><\/div><br \/>\n<\/div>\n<h4 class=\"toggle\"><a href=\"#\">Portafolio<\/a><\/h4><div class=\"toggle_container\"><br \/>\n<div class=\"one-fourth\"><img src='wp-content\/uploads\/2014\/07\/ESPUMADOS.jpg' height='auto' width='215px' title='' alt='' class='' \/>\u00a0<\/div><br \/>\n<div class=\"two-half\"><strong>Jul \/ 29 \/ 2011<\/strong><br \/>\n<a href=\"http:\/\/www.portafolio.co\/negocios\/espumados-estrena-sede-bogota\"> http:\/\/www.portafolio.co\/negocios\/espumados-estrena-sede-bogota<\/a><\/div><br \/>\n<\/div>\n<h4 class=\"toggle\"><a href=\"#\">Revista Axxis<\/a><\/h4><div class=\"toggle_container\"><br \/>\n<div class=\"one-fourth\"><img src='wp-content\/uploads\/2014\/05\/axxis-portada.jpg' height='auto' width='215px' title='' alt='' class='' \/>\u00a0<\/div><br \/>\n<div class=\"two-half\"><strong>Jul \/ 29 \/ 2011<\/strong><br \/>\n<a href=\"wp-content\/uploads\/axxis\/index.html\"> Revista AXXIS 225<\/a><\/div><br \/>\n<\/div>\n","protected":false},"excerpt":{"rendered":"","protected":false},"author":1,"featured_media":0,"parent":0,"menu_order":0,"comment_status":"closed","ping_status":"open","template":"","meta":{"ngg_post_thumbnail":0},"categories":[],"tags":[],"_links":{"self":[{"href":"https:\/\/tridimensionar.com\/index.php?rest_route=\/wp\/v2\/pages\/360"}],"collection":[{"href":"https:\/\/tridimensionar.com\/index.php?rest_route=\/wp\/v2\/pages"}],"about":[{"href":"https:\/\/tridimensionar.com\/index.php?rest_route=\/wp\/v2\/types\/page"}],"author":[{"embeddable":true,"href":"https:\/\/tridimensionar.com\/index.php?rest_route=\/wp\/v2\/users\/1"}],"replies":[{"embeddable":true,"href":"https:\/\/tridimensionar.com\/index.php?rest_route=%2Fwp%2Fv2%2Fcomments&post=360"}],"version-history":[{"count":38,"href":"https:\/\/tridimensionar.com\/index.php?rest_route=\/wp\/v2\/pages\/360\/revisions"}],"predecessor-version":[{"id":1311,"href":"https:\/\/tridimensionar.com\/index.php?rest_route=\/wp\/v2\/pages\/360\/revisions\/1311"}],"wp:attachment":[{"href":"https:\/\/tridimensionar.com\/index.php?rest_route=%2Fwp%2Fv2%2Fmedia&parent=360"}],"wp:term":[{"taxonomy":"category","embeddable":true,"href":"https:\/\/tridimensionar.com\/index.php?rest_route=%2Fwp%2Fv2%2Fcategories&post=360"},{"taxonomy":"post_tag","embeddable":true,"href":"https:\/\/tridimensionar.com\/index.php?rest_route=%2Fwp%2Fv2%2Ftags&post=360"}],"curies":[{"name":"wp","href":"https:\/\/api.w.org\/{rel}","templated":true}]}}