{"id":361,"date":"2014-05-27T22:43:29","date_gmt":"2014-05-27T22:43:29","guid":{"rendered":"http:\/\/tridimensionar.com\/?page_id=361"},"modified":"2015-05-04T10:28:00","modified_gmt":"2015-05-04T15:28:00","slug":"equipo-de-trabajo","status":"publish","type":"page","link":"https:\/\/tridimensionar.com\/?page_id=361&lang=es","title":{"rendered":"EQUIPO DE TRABAJO"},"content":{"rendered":"<br \/>\n<table width=\"100%\" border=\"0\" cellspacing=\"0\" cellpadding=\"0\" style=\"border:none;\">\n<tr style=\"border-bottom:#dadada 10px solid; padding-bottom:10px;\">\n<td width=\"12%\">\n<div class=\"img-shadow\"><img loading=\"lazy\" style=\"padding:16px 5px 15px 26px; border:none;\" src=\"wp-content\/uploads\/2014\/07\/avatar_woman.png\" height=\"250\" width=\"245\" class=\"thumb\" title=\"\" alt=\"\" \/><\/div>\n<\/td>\n<td style=\"padding:10px 30px 0 20px; text-align:justify;\" valign=\"top\" class=\"wording\">\n<p style=\"font-size: 13px; font-family: Arial, Helvetica, sans-serif;\">\n                    <strong style=\"font-size: 13px; font-family: Arial, Helvetica, sans-serif;\"><br \/>\n                  KATHERINE VERGARA COLORADO<br \/>\nArquitecta<\/strong><\/p>\n<p>Egresada de la Universidad de San Buenaventura, con tarjeta profesional vigente, experiencia espec\u00edfica de ocho (8) a\u00f1os en residencia y direcci\u00f3n de obra. Especializada en dise\u00f1o interior de los espacios corporativos, teniendo como premisa que un buen ambiente de trabajo contribuye a la construcci\u00f3n de la imagen global de la empresa e impacta directamente en la productividad y en el confort de los empleados. Amplio conocimiento en tecnolog\u00eda de elementos como control de las condiciones ambientales, sistemas de monitoreo, sistemas de alarma, sensores de fuego, sistema de control de acceso al edificio, infraestructura de cableado, dom\u00f3tica y automatizaci\u00f3n para  desarrollar un espacio eficiente, aportando servicios de gesti\u00f3n energ\u00e9tica, seguridad, bienestar y comunicaci\u00f3n, creando una oficina de vanguardia. Dise\u00f1adora y directora de proyectos del Grupo Espumados a nivel nacional.<\/p>\n<\/td>\n<\/tr>\n<tr style=\"border-bottom:#dadada 10px solid; padding-bottom:10px;\">\n<td width=\"12%\">\n<div class=\"img-shadow\"><img loading=\"lazy\" style=\"padding:8px 5px 10px 26px; border:none;\" src=\"wp-content\/uploads\/2014\/07\/avatar_man.png\" height=\"250\" width=\"245\" class=\"thumb\" title=\"\" alt=\"\" \/><\/div>\n<\/td>\n<td style=\"padding:10px 30px 0 20px; text-align:justify;\" valign=\"top\" class=\"wording\">\n<p style=\"font-size: 13px; font-family: Arial, Helvetica, sans-serif;\">\n                     <br \/>  <strong>JOHNATAN DOM\u00cdNGUEZ GONZ\u00c1LEZ<br \/>\nArquitecto<\/strong><\/p>\n<p>Egresado de la Universidad de San Buenaventura, con tarjeta profesional vigente, experiencia general de siete (7) a\u00f1os en residencia y direcci\u00f3n de obra. Estudios en control de acabados de obra. Especializado en reciclaje de edificaciones y remodelaciones, levantamientos Arquitect\u00f3nicos, concepci\u00f3n y dise\u00f1o de proyectos, digitaci\u00f3n en 2D y 3D, presentaci\u00f3n de proyectos, en diversos medios, cuantificaci\u00f3n y an\u00e1lisis de costos hasta la construcci\u00f3n y supervisi\u00f3n de los mismos. Experto en dise\u00f1os de espacios comerciales desde el desarrollo estructural, an\u00e1lisis de iluminaci\u00f3n asistido por software, dise\u00f1o gr\u00e1fico y estructura ac\u00fastica. Tutor de la Universidad San Buenaventura en programaci\u00f3n de digitalizaci\u00f3n en dise\u00f1o. Participaci\u00f3n en concursos a nivel nacional en dise\u00f1o donde ha alcanzado reconocimiento. L\u00edder del \u00e1rea de carpinter\u00eda de la empresa constructora TRIDIMENSIONAR S.A, donde son temas fundamentales el dise\u00f1o de mobiliario y equipamiento dise\u00f1ando a medida brindando armon\u00eda entre la est\u00e9tica, la funcionalidad y la calidad.<br \/>\n                    <\/p>\n<\/td>\n<\/tr>\n<tr style=\"border-bottom:#dadada 10px solid; padding-bottom:10px;\">\n<td width=\"12%\">\n<div class=\"img-shadow\"><img loading=\"lazy\" style=\"padding:8px 5px 5px 26px; border:none;\" src=\"wp-content\/uploads\/2014\/07\/avatar_woman.png\" height=\"250\" width=\"245\" class=\"thumb\" title=\"\" alt=\"\" \/><\/div>\n<\/td>\n<td style=\"padding:10px 30px 0 20px; text-align:justify;\" valign=\"top\" class=\"wording\">\n<p style=\"font-size: 13px; font-family: Arial, Helvetica, sans-serif;\">\n                     <br \/> <strong>DIANA LORENA VERGARA COLORADO<br \/>\nIngeniera Civil<\/strong><\/p>\n<p>Egresada la Pontificia Universidad Javeriana de Bogot\u00e1, con tarjeta profesional vigente, experiencia espec\u00edfica de once (11) a\u00f1os en residencia y direcci\u00f3n de obra. Gerente de la empresa constructora TRIDIMENSIONAR S.A. Especializada en el dise\u00f1o de estructuras de obras civiles. Coordinadora de vivienda de la Fundaci\u00f3n Restrepo Barco sede Armenia con ocasi\u00f3n del sismo de Armenia, directora de obra de proyectos educativos y proyecto Plan Piloto Jardines y parte de la reconstrucci\u00f3n de la Nueva Brasilia.<br \/>\nDirector de obras en concreto reforzado, estructura met\u00e1lica y estructuras de contenci\u00f3n. Amplia experiencia en la construcci\u00f3n de proyectos de todos los tama\u00f1os, con conocimientos de procesos constructivos, organizaci\u00f3n de obras, control de los trabajos, control de presupuesto y costos y servicio post\u2010venta; experiencia en la interventor\u00eda de proyectos de construcci\u00f3n, desde la coordinaci\u00f3n de los dise\u00f1os hasta la entrega del proyecto desarrollado.<br \/>\n                     <br \/> \n                <\/p>\n<\/td>\n<\/tr>\n<tr style=\"border-bottom:#dadada 10px solid; padding-bottom:10px;\">\n<td width=\"12%\">\n<div class=\"img-shadow\"><img loading=\"lazy\" style=\"padding:5px 5px 5px 26px; border:none;\" src=\"wp-content\/uploads\/2014\/07\/avatar_man.png\" height=\"250\" width=\"245\" class=\"thumb\" title=\"\" alt=\"\" \/><\/div>\n<\/td>\n<td style=\"padding:10px 30px 0 20px; text-align:justify;\" valign=\"top\" class=\"wording\">\n<p style=\"font-size: 13px; font-family: Arial, Helvetica, sans-serif;\">\n                    <br \/> <strong>ERIC VLADIMIR JARAMILLO LOTERO<br \/>\nEconomista<\/strong><\/p>\n<p>Especialista en Administraci\u00f3n Financiera, Diplomado en Negociaci\u00f3n de Conflictos de la Fundaci\u00f3n Universitaria San Mart\u00edn, experto en servicio al cliente, catedr\u00e1tico universitario a nivel de postgrado, ex ejecutivo del sector bancario, instructor empresarial SENA, ex-integrante de las Juntas Directivas de FENALCO, ACOPI, Consejo Directivo de COMFENALCO QUIND\u00cdO y del Comit\u00e9 T\u00e9cnico de Centro del SENA Seccional Quind\u00edo, Perito del Centro de Conciliaci\u00f3n y Arbitraje de la C\u00e1mara de Comercio de Armenia, consultor empresarial, ex director de la especializaci\u00f3n de Administraci\u00f3n Financiera de la Universidad La Gran Colombia de Armenia, ex asesor privado de la Gobernaci\u00f3n del Quind\u00edo, actualmente catedr\u00e1tico de la Pontificia Universidad Javeriana de Cali y Director Financiero de la empresa constructora TRIDIMENSIONAR S.A.<br \/>\n                    <\/p>\n<\/td>\n<\/tr>\n<\/table>\n<div class=\"clear\"><div class=\"one-half\"><strong>Asesores Permanentes<\/strong><br \/>\n<ul class=\"tick\"><\/p>\n<ul>\n<li><strong>Ingeniero Calculista:<\/strong> Diego Mauricio Estrada<\/li>\n<li><strong>Abogado:<\/strong> Carlos Esp\u00edndola. Esp\u00edndola y Asociados.<\/li>\n<li><strong>Revisor Fiscal:<\/strong> Contador. Adalberto Rodr\u00edguez Rengifo.<\/li>\n<li><strong>Agente de seguros:<\/strong> Abogada Norma Luc\u00eda \u00c1ngel.<\/li>\n<\/ul>\n<p><\/ul><br \/>\n<\/div><\/p>\n<\/div>\n","protected":false},"excerpt":{"rendered":"<p>KATHERINE VERGARA COLORADO Arquitecta Egresada de la Universidad de San Buenaventura, con tarjeta profesional vigente, experiencia espec\u00edfica de ocho (8) a\u00f1os en residencia y direcci\u00f3n de obra. Especializada en dise\u00f1o [&hellip;]<\/p>\n","protected":false},"author":1,"featured_media":0,"parent":0,"menu_order":0,"comment_status":"closed","ping_status":"closed","template":"template-fullwidth.php","meta":{"ngg_post_thumbnail":0},"categories":[],"tags":[],"_links":{"self":[{"href":"https:\/\/tridimensionar.com\/index.php?rest_route=\/wp\/v2\/pages\/361"}],"collection":[{"href":"https:\/\/tridimensionar.com\/index.php?rest_route=\/wp\/v2\/pages"}],"about":[{"href":"https:\/\/tridimensionar.com\/index.php?rest_route=\/wp\/v2\/types\/page"}],"author":[{"embeddable":true,"href":"https:\/\/tridimensionar.com\/index.php?rest_route=\/wp\/v2\/users\/1"}],"replies":[{"embeddable":true,"href":"https:\/\/tridimensionar.com\/index.php?rest_route=%2Fwp%2Fv2%2Fcomments&post=361"}],"version-history":[{"count":32,"href":"https:\/\/tridimensionar.com\/index.php?rest_route=\/wp\/v2\/pages\/361\/revisions"}],"predecessor-version":[{"id":1344,"href":"https:\/\/tridimensionar.com\/index.php?rest_route=\/wp\/v2\/pages\/361\/revisions\/1344"}],"wp:attachment":[{"href":"https:\/\/tridimensionar.com\/index.php?rest_route=%2Fwp%2Fv2%2Fmedia&parent=361"}],"wp:term":[{"taxonomy":"category","embeddable":true,"href":"https:\/\/tridimensionar.com\/index.php?rest_route=%2Fwp%2Fv2%2Fcategories&post=361"},{"taxonomy":"post_tag","embeddable":true,"href":"https:\/\/tridimensionar.com\/index.php?rest_route=%2Fwp%2Fv2%2Ftags&post=361"}],"curies":[{"name":"wp","href":"https:\/\/api.w.org\/{rel}","templated":true}]}}