{"id":373,"date":"2014-05-27T22:44:32","date_gmt":"2014-05-27T22:44:32","guid":{"rendered":"http:\/\/tridimensionar.com\/?page_id=373"},"modified":"2015-05-04T10:28:21","modified_gmt":"2015-05-04T15:28:21","slug":"reconstruccion","status":"publish","type":"page","link":"https:\/\/tridimensionar.com\/?page_id=373&lang=es","title":{"rendered":"RECONSTRUCCI\u00d3N"},"content":{"rendered":"<p style=\"font-size: 18px; font-weight: bold;\">PROYECTOS DE RECONSTRUCCI\u00d3N<\/p>\n<p><img src='wp-content\/uploads\/2014\/proyecto\/reconstruccion\/reconstruccion.jpg' height='auto' width='100%' title='' alt='' class='resize' \/><br \/>\nCon ocasi\u00f3n del sismo acaecido en la ciudad de Cali, en noviembre del a\u00f1o 2004 se gener\u00f3 la necesidad de reconstruir las unidades de vivienda que resultaron afectadas, donde nuestra empresa particip\u00f3 en las siguientes obras.<\/p>\n<p style=\"text-align: justify;\"><div class=\"one-half\"><img src='wp-content\/uploads\/2014\/proyecto\/reconstruccion\/cr-torres-tequendama.jpg' height='159px' width='264px' title='' alt='' class='' \/><\/div><\/p>\n<div style=\"margin: 44px 0 0 0;\"><div class=\"two-half\"><span style=\"font-size: 16px; font-weight: bold;\">Proyecto: Conjunto Residencial Torres de Tequendama.<\/span><strong><br \/>\n<\/strong><span style=\"text-align: justify;\">1995 m2 de reconstrucci\u00f3n.<\/span><strong><br \/>\n<\/strong><\/div><\/div>\n<div class=\"one-half\"><img src='wp-content\/uploads\/2014\/proyecto\/reconstruccion\/cr-alicante.jpg' height='159px' width='264px' title='' alt='' class='' \/><\/div>\n<div style=\"margin: 130px 0 0 0;\"><div class=\"two-half\"><span style=\"font-size: 16px; font-weight: bold;\">Proyecto: Conjunto Residencial Torres de Alicante.<\/span><strong><br \/>\n<\/strong><span style=\"text-align: justify;\">1215 m2 de reconstrucci\u00f3n.<\/span><\/div><\/div>\n<div class=\"one-half\"><img src='wp-content\/uploads\/2014\/proyecto\/reconstruccion\/cr-torres-plazuela.jpg' height='159px' width='264px' title='' alt='' class='' \/><\/div>\n<div style=\"margin: 135px 0 68px 0;\"><div class=\"two-half\"><span style=\"font-size: 16px; font-weight: bold;\">Proyecto: Conjunto Residencial Torres de Plazuela.<\/span><strong><br \/>\n<\/strong><span style=\"text-align: justify;\">2295 m2 de reconstrucci\u00f3n, mediante la utilizaci\u00f3n del sistema de construcciones livianas en 17 Apartamentos.<\/span><\/div><\/div>\n","protected":false},"excerpt":{"rendered":"<p>PROYECTOS DE RECONSTRUCCI\u00d3N Con ocasi\u00f3n del sismo acaecido en la ciudad de Cali, en noviembre del a\u00f1o 2004 se gener\u00f3 la necesidad de reconstruir las unidades de vivienda que resultaron [&hellip;]<\/p>\n","protected":false},"author":1,"featured_media":0,"parent":0,"menu_order":0,"comment_status":"closed","ping_status":"open","template":"template-fullwidth.php","meta":{"ngg_post_thumbnail":0},"categories":[],"tags":[],"_links":{"self":[{"href":"https:\/\/tridimensionar.com\/index.php?rest_route=\/wp\/v2\/pages\/373"}],"collection":[{"href":"https:\/\/tridimensionar.com\/index.php?rest_route=\/wp\/v2\/pages"}],"about":[{"href":"https:\/\/tridimensionar.com\/index.php?rest_route=\/wp\/v2\/types\/page"}],"author":[{"embeddable":true,"href":"https:\/\/tridimensionar.com\/index.php?rest_route=\/wp\/v2\/users\/1"}],"replies":[{"embeddable":true,"href":"https:\/\/tridimensionar.com\/index.php?rest_route=%2Fwp%2Fv2%2Fcomments&post=373"}],"version-history":[{"count":12,"href":"https:\/\/tridimensionar.com\/index.php?rest_route=\/wp\/v2\/pages\/373\/revisions"}],"predecessor-version":[{"id":747,"href":"https:\/\/tridimensionar.com\/index.php?rest_route=\/wp\/v2\/pages\/373\/revisions\/747"}],"wp:attachment":[{"href":"https:\/\/tridimensionar.com\/index.php?rest_route=%2Fwp%2Fv2%2Fmedia&parent=373"}],"wp:term":[{"taxonomy":"category","embeddable":true,"href":"https:\/\/tridimensionar.com\/index.php?rest_route=%2Fwp%2Fv2%2Fcategories&post=373"},{"taxonomy":"post_tag","embeddable":true,"href":"https:\/\/tridimensionar.com\/index.php?rest_route=%2Fwp%2Fv2%2Ftags&post=373"}],"curies":[{"name":"wp","href":"https:\/\/api.w.org\/{rel}","templated":true}]}}