{"id":477,"date":"2014-05-28T21:05:55","date_gmt":"2014-05-28T21:05:55","guid":{"rendered":"http:\/\/tridimensionar.com\/?page_id=477"},"modified":"2015-08-24T12:11:55","modified_gmt":"2015-08-24T17:11:55","slug":"ingenieria-y-construccion","status":"publish","type":"page","link":"https:\/\/tridimensionar.com\/?page_id=477&lang=es","title":{"rendered":"INGENIER\u00cdA Y CONSTRUCCI\u00d3N"},"content":{"rendered":"<img src='wp-content\/uploads\/2014\/galeriaportafolio\/02ingyconstruccion\/frontal\/tridimensionar-ingyconstruccion.jpg' height='auto' width='100%' title='' alt='' class='resize' \/>\n<p><strong>INGENIER\u00cdA Y CONSTRUCCI\u00d3N<\/strong><br \/>\n<span style=\"font-size: 13px; text-align: justify;\"><br \/>\nSoluciones en construcci\u00f3n de proyectos industriales para el crecimiento y desarrollo de su empresa bas\u00e1ndonos en los principios de INGENIERIA PLANIFICADA garantizando la m\u00e1s alta calidad.<\/span><\/p>\n<p><strong>Nos especializamos en realizar proyectos de ingenier\u00eda y construcci\u00f3n a nivel nacional en diferentes \u00e1reas de trabajo:<\/strong><\/p>\n<ul type=\"square\">\n<li>\u2022 Obra nueva.<\/li>\n<li>\u2022 Planeaci\u00f3n de plantas industriales.<\/li>\n<li>\u2022 Obras exteriores: caminos drenajes, etc.<\/li>\n<li>\u2022 Obras exteriores: caminos drenajes, etc.<\/li>\n<li>\u2022 Cimentaciones: Edificios, equipos especiales, recipientes, etc.<\/li>\n<li>\u2022 Estructuras: Met\u00e1licas, de concreto o mixtas.<\/li>\n<li>\u2022 Cubiertas: Losas de concreto o estructuras met\u00e1licas con diferentes tipo de cubierta.<\/li>\n<li>\u2022 Plantas Industriales y Plantas Administrativas.<\/li>\n<li>\u2022 Urbanizaciones y en general todo lo relativo a obra civil.<\/li>\n<li>\u2022 Direcci\u00f3n de obra.<\/li>\n<li>\u2022 Rehabilitaci\u00f3n de edificaciones.<\/li>\n<li>\u2022 Bioconstrucci\u00f3n.<\/li>\n<\/ul>\n<p>&nbsp;<br \/>\n<strong>Construcci\u00f3n de edificios habitacionales, comerciales e institucionales acorde a las normas de:<\/strong><\/p>\n<ul>\n<li>\u2022 Estudios de suelos.<\/li>\n<li>\u2022 Sismo resistencia.<\/li>\n<li>\u2022 Dise\u00f1o estructural.<\/li>\n<li>\u2022 Dise\u00f1o de estructuras met\u00e1lica.<\/li>\n<li>\u2022 Sistemas de construcci\u00f3n liviana.<\/li>\n<li>\u2022 Dise\u00f1o de redes el\u00e9ctricas Sistemas de construcci\u00f3n liviana.<\/li>\n<li>\u2022 Dise\u00f1o de redes hidr\u00e1ulicas y sanitarias.<\/li>\n<li>\u2022 Interventor\u00eda en obras civiles.<\/li>\n<\/ul>\n<p>&nbsp;&nbsp;<br \/>\n<style type=\"text\/css\">\r\n\t#foogallery-gallery-1778 .fg-image {\r\n        width: 200px;\r\n    }\r\n<\/style>\r\n\t\t\t\t<div class=\"foogallery foogallery-container foogallery-default foogallery-lightbox-foobox-free fg-gutter-25 fg-center fg-default fg-light fg-border-thin fg-shadow-small fg-loading-default fg-loaded-fade-in fg-caption-hover fg-hover-fade fg-hover-zoom fg-ready\" id=\"foogallery-gallery-1778\" data-foogallery=\"{&quot;item&quot;:{&quot;showCaptionTitle&quot;:true,&quot;showCaptionDescription&quot;:true},&quot;lazy&quot;:true}\" >\r\n\t<div class=\"fg-item fg-type-image fg-idle\"><figure class=\"fg-item-inner\"><a href=\"https:\/\/tridimensionar.com\/wp-content\/uploads\/2015\/08\/tridimensionar-ingyconstruccion-1.jpg\" data-attachment-id=\"1779\" class=\"fg-thumb\"><span class=\"fg-image-wrap\"><img width=\"200\" height=\"200\" class=\"skip-lazy fg-image\" data-src-fg=\"https:\/\/tridimensionar.com\/wp-content\/uploads\/cache\/2015\/08\/tridimensionar-ingyconstruccion-1\/2371743536.jpg\" src=\"data:image\/svg+xml,%3Csvg%20xmlns%3D%22http%3A%2F%2Fwww.w3.org%2F2000%2Fsvg%22%20width%3D%22200%22%20height%3D%22200%22%20viewBox%3D%220%200%20200%20200%22%3E%3C%2Fsvg%3E\" loading=\"eager\" title=\"\" alt=\"\" \/><\/span><span class=\"fg-image-overlay\"><\/span><\/a><figcaption class=\"fg-caption\"><div class=\"fg-caption-inner\"><\/div><\/figcaption><\/figure><div class=\"fg-loader\"><\/div><\/div><div class=\"fg-item fg-type-image fg-idle\"><figure class=\"fg-item-inner\"><a href=\"https:\/\/tridimensionar.com\/wp-content\/uploads\/2015\/08\/tridimensionar-ingyconstruccion-2.jpg\" data-attachment-id=\"1780\" class=\"fg-thumb\"><span class=\"fg-image-wrap\"><img width=\"200\" height=\"200\" class=\"skip-lazy fg-image\" data-src-fg=\"https:\/\/tridimensionar.com\/wp-content\/uploads\/cache\/2015\/08\/tridimensionar-ingyconstruccion-2\/1728150639.jpg\" src=\"data:image\/svg+xml,%3Csvg%20xmlns%3D%22http%3A%2F%2Fwww.w3.org%2F2000%2Fsvg%22%20width%3D%22200%22%20height%3D%22200%22%20viewBox%3D%220%200%20200%20200%22%3E%3C%2Fsvg%3E\" loading=\"eager\" title=\"\" alt=\"\" \/><\/span><span class=\"fg-image-overlay\"><\/span><\/a><figcaption class=\"fg-caption\"><div class=\"fg-caption-inner\"><\/div><\/figcaption><\/figure><div class=\"fg-loader\"><\/div><\/div><div class=\"fg-item fg-type-image fg-idle\"><figure class=\"fg-item-inner\"><a href=\"https:\/\/tridimensionar.com\/wp-content\/uploads\/2015\/08\/tridimensionar-ingyconstruccion-3.jpg\" data-attachment-id=\"1781\" class=\"fg-thumb\"><span class=\"fg-image-wrap\"><img width=\"200\" height=\"200\" class=\"skip-lazy fg-image\" data-src-fg=\"https:\/\/tridimensionar.com\/wp-content\/uploads\/cache\/2015\/08\/tridimensionar-ingyconstruccion-3\/440038154.jpg\" src=\"data:image\/svg+xml,%3Csvg%20xmlns%3D%22http%3A%2F%2Fwww.w3.org%2F2000%2Fsvg%22%20width%3D%22200%22%20height%3D%22200%22%20viewBox%3D%220%200%20200%20200%22%3E%3C%2Fsvg%3E\" loading=\"eager\" title=\"\" alt=\"\" \/><\/span><span class=\"fg-image-overlay\"><\/span><\/a><figcaption class=\"fg-caption\"><div class=\"fg-caption-inner\"><\/div><\/figcaption><\/figure><div class=\"fg-loader\"><\/div><\/div><div class=\"fg-item fg-type-image fg-idle\"><figure class=\"fg-item-inner\"><a href=\"https:\/\/tridimensionar.com\/wp-content\/uploads\/2015\/08\/tridimensionar-ingyconstruccion-4.jpg\" data-attachment-id=\"1782\" class=\"fg-thumb\"><span class=\"fg-image-wrap\"><img width=\"200\" height=\"200\" class=\"skip-lazy fg-image\" data-src-fg=\"https:\/\/tridimensionar.com\/wp-content\/uploads\/cache\/2015\/08\/tridimensionar-ingyconstruccion-4\/423455839.jpg\" src=\"data:image\/svg+xml,%3Csvg%20xmlns%3D%22http%3A%2F%2Fwww.w3.org%2F2000%2Fsvg%22%20width%3D%22200%22%20height%3D%22200%22%20viewBox%3D%220%200%20200%20200%22%3E%3C%2Fsvg%3E\" loading=\"eager\" title=\"\" alt=\"\" \/><\/span><span class=\"fg-image-overlay\"><\/span><\/a><figcaption class=\"fg-caption\"><div class=\"fg-caption-inner\"><\/div><\/figcaption><\/figure><div class=\"fg-loader\"><\/div><\/div><div class=\"fg-item fg-type-image fg-idle\"><figure class=\"fg-item-inner\"><a href=\"https:\/\/tridimensionar.com\/wp-content\/uploads\/2015\/08\/tridimensionar-ingyconstruccion-5.jpg\" data-attachment-id=\"1783\" class=\"fg-thumb\"><span class=\"fg-image-wrap\"><img width=\"200\" height=\"200\" class=\"skip-lazy fg-image\" data-src-fg=\"https:\/\/tridimensionar.com\/wp-content\/uploads\/cache\/2015\/08\/tridimensionar-ingyconstruccion-5\/1678140218.jpg\" src=\"data:image\/svg+xml,%3Csvg%20xmlns%3D%22http%3A%2F%2Fwww.w3.org%2F2000%2Fsvg%22%20width%3D%22200%22%20height%3D%22200%22%20viewBox%3D%220%200%20200%20200%22%3E%3C%2Fsvg%3E\" loading=\"eager\" title=\"\" alt=\"\" \/><\/span><span class=\"fg-image-overlay\"><\/span><\/a><figcaption class=\"fg-caption\"><div class=\"fg-caption-inner\"><\/div><\/figcaption><\/figure><div class=\"fg-loader\"><\/div><\/div><div class=\"fg-item fg-type-image fg-idle\"><figure class=\"fg-item-inner\"><a href=\"https:\/\/tridimensionar.com\/wp-content\/uploads\/2015\/08\/tridimensionar-ingyconstruccion-6.jpg\" data-attachment-id=\"1784\" class=\"fg-thumb\"><span class=\"fg-image-wrap\"><img width=\"200\" height=\"200\" class=\"skip-lazy fg-image\" data-src-fg=\"https:\/\/tridimensionar.com\/wp-content\/uploads\/cache\/2015\/08\/tridimensionar-ingyconstruccion-6\/1218201530.jpg\" src=\"data:image\/svg+xml,%3Csvg%20xmlns%3D%22http%3A%2F%2Fwww.w3.org%2F2000%2Fsvg%22%20width%3D%22200%22%20height%3D%22200%22%20viewBox%3D%220%200%20200%20200%22%3E%3C%2Fsvg%3E\" loading=\"eager\" title=\"\" alt=\"\" \/><\/span><span class=\"fg-image-overlay\"><\/span><\/a><figcaption class=\"fg-caption\"><div class=\"fg-caption-inner\"><\/div><\/figcaption><\/figure><div class=\"fg-loader\"><\/div><\/div><\/div>\r\n<\/p>\n<p>Click aqu\u00ed para ver m\u00e1s im\u00e1genes<br \/>\n<span class=\"wp-easy-gallery\"><a onclick=\"var images=['wp-content\/uploads\/2014\/galeriaportafolio\/02ingyconstruccion\/Tridimensionar-01-Coltabaco-Armenia00.jpg', 'wp-content\/uploads\/2014\/galeriaportafolio\/02ingyconstruccion\/Tridimensionar-01-Coltabaco-Armenia01.jpg', 'wp-content\/uploads\/2014\/galeriaportafolio\/02ingyconstruccion\/Tridimensionar-01-Coltabaco-Armenia02.jpg', 'wp-content\/uploads\/2014\/galeriaportafolio\/02ingyconstruccion\/Tridimensionar-02-Espumas-Medellin%20(1).JPG', 'wp-content\/uploads\/2014\/galeriaportafolio\/02ingyconstruccion\/Tridimensionar-02-Espumas-Medellin%20(2).jpg', 'wp-content\/uploads\/2014\/galeriaportafolio\/02ingyconstruccion\/Tridimensionar-02-Espumas-Medellin%20(3).jpg', 'wp-content\/uploads\/2014\/galeriaportafolio\/02ingyconstruccion\/Tridimensionar-02-Espumas-Medellin%20(4).jpg', 'wp-content\/uploads\/2014\/galeriaportafolio\/02ingyconstruccion\/Tridimensionar-02-Espumas-Medellin%20(5).jpg', 'wp-content\/uploads\/2014\/galeriaportafolio\/02ingyconstruccion\/Tridimensionar-02-Espumas-Medellin%20(6).jpg', 'wp-content\/uploads\/2014\/galeriaportafolio\/02ingyconstruccion\/Tridimensionar-02-Espumas-Medellin%20(7).jpg', 'wp-content\/uploads\/2014\/galeriaportafolio\/02ingyconstruccion\/Tridimensionar-02-Espumas-Medellin%20(8).jpg', 'wp-content\/uploads\/2014\/galeriaportafolio\/02ingyconstruccion\/Tridimensionar-02-Espumas-Medellin%20(9).jpg', 'wp-content\/uploads\/2014\/galeriaportafolio\/02ingyconstruccion\/Tridimensionar-02-Espumas-Medellin%20(10).jpg', 'wp-content\/uploads\/2014\/galeriaportafolio\/02ingyconstruccion\/Tridimensionar-03-Mattelsa00.jpg', 'wp-content\/uploads\/2014\/galeriaportafolio\/02ingyconstruccion\/Tridimensionar-04-Suzuki%20(1).jpg', 'wp-content\/uploads\/2014\/galeriaportafolio\/02ingyconstruccion\/Tridimensionar-04-Suzuki%20(2).jpg', 'wp-content\/uploads\/2014\/galeriaportafolio\/02ingyconstruccion\/Tridimensionar-04-Suzuki%20(3).jpg', 'wp-content\/uploads\/2014\/galeriaportafolio\/02ingyconstruccion\/Tridimensionar-04-Suzuki%20(4).jpg', 'wp-content\/uploads\/2014\/galeriaportafolio\/02ingyconstruccion\/Tridimensionar-04-Suzuki%20(5).jpg', 'wp-content\/uploads\/2014\/galeriaportafolio\/02ingyconstruccion\/Tridimensionar-04-Suzuki%20(6).jpg', 'wp-content\/uploads\/2014\/galeriaportafolio\/02ingyconstruccion\/Tridimensionar-04-Suzuki%20(7).jpg', 'wp-content\/uploads\/2014\/galeriaportafolio\/02ingyconstruccion\/Tridimensionar-04-Suzuki%20(8).jpg', 'wp-content\/uploads\/2014\/galeriaportafolio\/02ingyconstruccion\/Tridimensionar-04-Suzuki%20(9).jpg', 'wp-content\/uploads\/2014\/galeriaportafolio\/02ingyconstruccion\/Tridimensionar-04-Suzuki%20(10).jpg', 'wp-content\/uploads\/2014\/galeriaportafolio\/02ingyconstruccion\/Tridimensionar-04-Suzuki%20(11).jpg', 'wp-content\/uploads\/2014\/galeriaportafolio\/02ingyconstruccion\/Tridimensionar-04-Suzuki%20(12).jpg', 'wp-content\/uploads\/2014\/galeriaportafolio\/02ingyconstruccion\/Tridimensionar-04-Suzuki%20(13).jpg', 'wp-content\/uploads\/2014\/galeriaportafolio\/02ingyconstruccion\/Tridimensionar-05-Espumas-Valle%20(1).JPG', 'wp-content\/uploads\/2014\/galeriaportafolio\/02ingyconstruccion\/Tridimensionar-05-Espumas-Valle%20(3).JPG', 'wp-content\/uploads\/2014\/galeriaportafolio\/02ingyconstruccion\/Tridimensionar-05-Espumas-Valle%20(4).JPG', 'wp-content\/uploads\/2014\/galeriaportafolio\/02ingyconstruccion\/Tridimensionar-05-Espumas-Valle%20(5).jpg', 'http:\/\/tridimensionar.com\/wp-content\/uploads\/2015\/05\/Tridimensionar-06-1.jpg', 'http:\/\/tridimensionar.com\/wp-content\/uploads\/2015\/05\/Tridimensionar-06-2.jpg', 'http:\/\/tridimensionar.com\/wp-content\/uploads\/2015\/05\/Tridimensionar-06-3.jpg', 'http:\/\/tridimensionar.com\/wp-content\/uploads\/2015\/05\/Tridimensionar-06-4.jpg']; var titles=['', '', '', '', '', '', '', '', '', '', '', '', '', '', '', '', '', '', '', '', '', '', '', '', '', '', '', '', '', '', '', '', '', '', '']; var descriptions=['', '', '', '', '', '', '', '', '', '', '', '', '', '', '', '', '', '', '', '', '', '', '', '', '', '', '', '', '', '', '', '', '', '', '']; jQuery.prettyPhoto.open(images,titles,descriptions);\" title=\"Galeria Ing. y Construccion\" style=\"cursor: pointer;\"><img class=\"dShadow trans\" src=\"wp-content\/uploads\/2014\/galeriaportafolio\/02ingyconstruccion\/Tridimensionar-01-Coltabaco-Armenia00.jpg\"   border=\"0\" alt=\"Galeria Ing. y Construccion\" \/><\/a><\/span><br \/>\n&nbsp;<br \/>\n<\/span><\/p>\n","protected":false},"excerpt":{"rendered":"<p>INGENIER\u00cdA Y CONSTRUCCI\u00d3N Soluciones en construcci\u00f3n de proyectos industriales para el crecimiento y desarrollo de su empresa bas\u00e1ndonos en los principios de INGENIERIA PLANIFICADA garantizando la m\u00e1s alta calidad. Nos [&hellip;]<\/p>\n","protected":false},"author":1,"featured_media":0,"parent":0,"menu_order":0,"comment_status":"closed","ping_status":"open","template":"template-fullwidth.php","meta":{"ngg_post_thumbnail":0},"categories":[],"tags":[],"_links":{"self":[{"href":"https:\/\/tridimensionar.com\/index.php?rest_route=\/wp\/v2\/pages\/477"}],"collection":[{"href":"https:\/\/tridimensionar.com\/index.php?rest_route=\/wp\/v2\/pages"}],"about":[{"href":"https:\/\/tridimensionar.com\/index.php?rest_route=\/wp\/v2\/types\/page"}],"author":[{"embeddable":true,"href":"https:\/\/tridimensionar.com\/index.php?rest_route=\/wp\/v2\/users\/1"}],"replies":[{"embeddable":true,"href":"https:\/\/tridimensionar.com\/index.php?rest_route=%2Fwp%2Fv2%2Fcomments&post=477"}],"version-history":[{"count":53,"href":"https:\/\/tridimensionar.com\/index.php?rest_route=\/wp\/v2\/pages\/477\/revisions"}],"predecessor-version":[{"id":1785,"href":"https:\/\/tridimensionar.com\/index.php?rest_route=\/wp\/v2\/pages\/477\/revisions\/1785"}],"wp:attachment":[{"href":"https:\/\/tridimensionar.com\/index.php?rest_route=%2Fwp%2Fv2%2Fmedia&parent=477"}],"wp:term":[{"taxonomy":"category","embeddable":true,"href":"https:\/\/tridimensionar.com\/index.php?rest_route=%2Fwp%2Fv2%2Fcategories&post=477"},{"taxonomy":"post_tag","embeddable":true,"href":"https:\/\/tridimensionar.com\/index.php?rest_route=%2Fwp%2Fv2%2Ftags&post=477"}],"curies":[{"name":"wp","href":"https:\/\/api.w.org\/{rel}","templated":true}]}}