{"id":479,"date":"2014-05-28T21:06:27","date_gmt":"2014-05-28T21:06:27","guid":{"rendered":"http:\/\/tridimensionar.com\/?page_id=479"},"modified":"2015-08-24T14:53:05","modified_gmt":"2015-08-24T19:53:05","slug":"carpinteria-arquitectonica","status":"publish","type":"page","link":"https:\/\/tridimensionar.com\/?page_id=479&lang=es","title":{"rendered":"INTERIORISMO"},"content":{"rendered":"<p><img src='wp-content\/uploads\/2014\/06\/interiorismo.jpg' height='auto' width='100%' title='' alt='' class='resize' \/><br \/>\n<strong>INTERIORISMO<\/strong><br \/>\n<span style=\"font-size: 13px; text-align: justify;\"><br \/>\nEl espacio interior, visto desde la perspectiva del entorno ef\u00edmero, nos permite jugar, transformar y crear efectos sensoriales con la implementaci\u00f3n de materiales, vol\u00famenes, mobiliario, tecnolog\u00eda e iluminaci\u00f3n, que hacen del \u00e1rea pura un lienzo en blanco para la b\u00fasqueda del confort.<\/span><\/p>\n<p>El mobiliario, elemento complementario pero no menos importante del espacio construido, es dise\u00f1ado al detalle por nuestros arquitectos y elaborado en nuestros talleres, utilizando materiales, colores y texturas acordes al ambiente arquitect\u00f3nico proyectado.<\/p>\n<p>Es por eso que los espacios de recibo, sociales, de descanso y productivos, logran ser llevados a otro nivel por medio del dise\u00f1o arquitect\u00f3nico detallado y planificado de Tridimensionar.<\/p>\n<style type=\"text\/css\">\r\n\t#foogallery-gallery-1803 .fg-image {\r\n        width: 200px;\r\n    }\r\n<\/style>\r\n\t\t\t\t<div class=\"foogallery foogallery-container foogallery-default foogallery-lightbox-foobox-free fg-gutter-25 fg-center fg-default fg-light fg-border-thin fg-shadow-small fg-loading-default fg-loaded-fade-in fg-caption-hover fg-hover-fade fg-hover-zoom fg-ready\" id=\"foogallery-gallery-1803\" data-foogallery=\"{&quot;item&quot;:{&quot;showCaptionTitle&quot;:true,&quot;showCaptionDescription&quot;:true},&quot;lazy&quot;:true}\" >\r\n\t<div class=\"fg-item fg-type-image fg-idle\"><figure class=\"fg-item-inner\"><a href=\"https:\/\/tridimensionar.com\/wp-content\/uploads\/2015\/08\/tridimensionar-interiorismo-1.jpg\" data-attachment-id=\"1813\" class=\"fg-thumb\"><span class=\"fg-image-wrap\"><img width=\"200\" height=\"200\" class=\"skip-lazy fg-image\" data-src-fg=\"https:\/\/tridimensionar.com\/wp-content\/uploads\/cache\/2015\/08\/tridimensionar-interiorismo-1\/346825671.jpg\" src=\"data:image\/svg+xml,%3Csvg%20xmlns%3D%22http%3A%2F%2Fwww.w3.org%2F2000%2Fsvg%22%20width%3D%22200%22%20height%3D%22200%22%20viewBox%3D%220%200%20200%20200%22%3E%3C%2Fsvg%3E\" loading=\"eager\" title=\"\" alt=\"\" \/><\/span><span class=\"fg-image-overlay\"><\/span><\/a><figcaption class=\"fg-caption\"><div class=\"fg-caption-inner\"><\/div><\/figcaption><\/figure><div class=\"fg-loader\"><\/div><\/div><div class=\"fg-item fg-type-image fg-idle\"><figure class=\"fg-item-inner\"><a href=\"https:\/\/tridimensionar.com\/wp-content\/uploads\/2015\/08\/tridimensionar-interiorismo-2.jpg\" data-attachment-id=\"1814\" class=\"fg-thumb\"><span class=\"fg-image-wrap\"><img width=\"200\" height=\"200\" class=\"skip-lazy fg-image\" data-src-fg=\"https:\/\/tridimensionar.com\/wp-content\/uploads\/cache\/2015\/08\/tridimensionar-interiorismo-2\/3336310947.jpg\" src=\"data:image\/svg+xml,%3Csvg%20xmlns%3D%22http%3A%2F%2Fwww.w3.org%2F2000%2Fsvg%22%20width%3D%22200%22%20height%3D%22200%22%20viewBox%3D%220%200%20200%20200%22%3E%3C%2Fsvg%3E\" loading=\"eager\" title=\"\" alt=\"\" \/><\/span><span class=\"fg-image-overlay\"><\/span><\/a><figcaption class=\"fg-caption\"><div class=\"fg-caption-inner\"><\/div><\/figcaption><\/figure><div class=\"fg-loader\"><\/div><\/div><div class=\"fg-item fg-type-image fg-idle\"><figure class=\"fg-item-inner\"><a href=\"https:\/\/tridimensionar.com\/wp-content\/uploads\/2015\/08\/tridimensionar-interiorismo-3.jpg\" data-attachment-id=\"1815\" class=\"fg-thumb\"><span class=\"fg-image-wrap\"><img width=\"200\" height=\"200\" class=\"skip-lazy fg-image\" data-src-fg=\"https:\/\/tridimensionar.com\/wp-content\/uploads\/cache\/2015\/08\/tridimensionar-interiorismo-3\/3658461073.jpg\" src=\"data:image\/svg+xml,%3Csvg%20xmlns%3D%22http%3A%2F%2Fwww.w3.org%2F2000%2Fsvg%22%20width%3D%22200%22%20height%3D%22200%22%20viewBox%3D%220%200%20200%20200%22%3E%3C%2Fsvg%3E\" loading=\"eager\" title=\"\" alt=\"\" \/><\/span><span class=\"fg-image-overlay\"><\/span><\/a><figcaption class=\"fg-caption\"><div class=\"fg-caption-inner\"><\/div><\/figcaption><\/figure><div class=\"fg-loader\"><\/div><\/div><div class=\"fg-item fg-type-image fg-idle\"><figure class=\"fg-item-inner\"><a href=\"https:\/\/tridimensionar.com\/wp-content\/uploads\/2015\/08\/tridimensionar-interiorismo-4.jpg\" data-attachment-id=\"1816\" class=\"fg-thumb\"><span class=\"fg-image-wrap\"><img width=\"200\" height=\"200\" class=\"skip-lazy fg-image\" data-src-fg=\"https:\/\/tridimensionar.com\/wp-content\/uploads\/cache\/2015\/08\/tridimensionar-interiorismo-4\/2066833469.jpg\" src=\"data:image\/svg+xml,%3Csvg%20xmlns%3D%22http%3A%2F%2Fwww.w3.org%2F2000%2Fsvg%22%20width%3D%22200%22%20height%3D%22200%22%20viewBox%3D%220%200%20200%20200%22%3E%3C%2Fsvg%3E\" loading=\"eager\" title=\"\" alt=\"\" \/><\/span><span class=\"fg-image-overlay\"><\/span><\/a><figcaption class=\"fg-caption\"><div class=\"fg-caption-inner\"><\/div><\/figcaption><\/figure><div class=\"fg-loader\"><\/div><\/div><div class=\"fg-item fg-type-image fg-idle\"><figure class=\"fg-item-inner\"><a href=\"https:\/\/tridimensionar.com\/wp-content\/uploads\/2015\/08\/tridimensionar-interiorismo-5.jpg\" data-attachment-id=\"1817\" class=\"fg-thumb\"><span class=\"fg-image-wrap\"><img width=\"200\" height=\"200\" class=\"skip-lazy fg-image\" data-src-fg=\"https:\/\/tridimensionar.com\/wp-content\/uploads\/cache\/2015\/08\/tridimensionar-interiorismo-5\/1742921487.jpg\" src=\"data:image\/svg+xml,%3Csvg%20xmlns%3D%22http%3A%2F%2Fwww.w3.org%2F2000%2Fsvg%22%20width%3D%22200%22%20height%3D%22200%22%20viewBox%3D%220%200%20200%20200%22%3E%3C%2Fsvg%3E\" loading=\"eager\" title=\"\" alt=\"\" \/><\/span><span class=\"fg-image-overlay\"><\/span><\/a><figcaption class=\"fg-caption\"><div class=\"fg-caption-inner\"><\/div><\/figcaption><\/figure><div class=\"fg-loader\"><\/div><\/div><div class=\"fg-item fg-type-image fg-idle\"><figure class=\"fg-item-inner\"><a href=\"https:\/\/tridimensionar.com\/wp-content\/uploads\/2015\/08\/tridimensionar-interiorismo-6.jpg\" data-attachment-id=\"1818\" class=\"fg-thumb\"><span class=\"fg-image-wrap\"><img width=\"200\" height=\"200\" class=\"skip-lazy fg-image\" data-src-fg=\"https:\/\/tridimensionar.com\/wp-content\/uploads\/cache\/2015\/08\/tridimensionar-interiorismo-6\/2162822734.jpg\" src=\"data:image\/svg+xml,%3Csvg%20xmlns%3D%22http%3A%2F%2Fwww.w3.org%2F2000%2Fsvg%22%20width%3D%22200%22%20height%3D%22200%22%20viewBox%3D%220%200%20200%20200%22%3E%3C%2Fsvg%3E\" loading=\"eager\" title=\"\" alt=\"\" \/><\/span><span class=\"fg-image-overlay\"><\/span><\/a><figcaption class=\"fg-caption\"><div class=\"fg-caption-inner\"><\/div><\/figcaption><\/figure><div class=\"fg-loader\"><\/div><\/div><\/div>\r\n\n<p><span style=\"font-size: 13px; text-align: justify;\"><br \/>\nClick aqu\u00ed para ver m\u00e1s im\u00e1genes<br \/>\n<span class=\"wp-easy-gallery\"><a onclick=\"var images=['wp-content\/uploads\/2014\/galeriaportafolio\/04interiorismo\/Tridimensionar-01-Arrecife%20(1).jpg', 'wp-content\/uploads\/2014\/galeriaportafolio\/04interiorismo\/Tridimensionar-01-Arrecife%20(2).jpg', 'wp-content\/uploads\/2014\/galeriaportafolio\/04interiorismo\/Tridimensionar-01-Arrecife%20(3).jpg', 'wp-content\/uploads\/2014\/galeriaportafolio\/04interiorismo\/Tridimensionar-01-Arrecife%20(4).jpg', 'wp-content\/uploads\/2014\/galeriaportafolio\/04interiorismo\/Tridimensionar-01-Arrecife%20(5).jpg', 'wp-content\/uploads\/2014\/galeriaportafolio\/04interiorismo\/Tridimensionar-01-Arrecife%20(6).jpg', 'wp-content\/uploads\/2014\/galeriaportafolio\/04interiorismo\/Tridimensionar-01-Arrecife%20(7).jpg', 'wp-content\/uploads\/2014\/galeriaportafolio\/04interiorismo\/Tridimensionar-02-Espumas-Medellin%20(1).jpg', 'wp-content\/uploads\/2014\/galeriaportafolio\/04interiorismo\/Tridimensionar-02-Espumas-Medellin%20(2).jpg', 'wp-content\/uploads\/2014\/galeriaportafolio\/04interiorismo\/Tridimensionar-02-Espumas-Medellin%20(3).jpg', 'wp-content\/uploads\/2014\/galeriaportafolio\/04interiorismo\/Tridimensionar-02-Espumas-Medellin%20(4).jpg', 'wp-content\/uploads\/2014\/galeriaportafolio\/04interiorismo\/Tridimensionar-02-Espumas-Medellin%20(5).jpg', 'wp-content\/uploads\/2014\/galeriaportafolio\/04interiorismo\/Tridimensionar-02-Espumas-Medellin%20(6).jpg', 'wp-content\/uploads\/2014\/galeriaportafolio\/04interiorismo\/Tridimensionar-02-Espumas-Medellin%20(7).jpg', 'wp-content\/uploads\/2014\/galeriaportafolio\/04interiorismo\/Tridimensionar-02-Espumas-Medellin%20(8).jpg', 'wp-content\/uploads\/2014\/galeriaportafolio\/04interiorismo\/Tridimensionar-02-Espumas-Medellin%20(9).jpg', 'wp-content\/uploads\/2014\/galeriaportafolio\/04interiorismo\/Tridimensionar-02-Espumas-Medellin%20(10).jpg', 'wp-content\/uploads\/2014\/galeriaportafolio\/04interiorismo\/Tridimensionar-03-Espumas-Valle%20(1).jpg', 'wp-content\/uploads\/2014\/galeriaportafolio\/04interiorismo\/Tridimensionar-03-Espumas-Valle%20(2).jpg', 'wp-content\/uploads\/2014\/galeriaportafolio\/04interiorismo\/Tridimensionar-03-Espumas-Valle%20(3).jpg', 'wp-content\/uploads\/2014\/galeriaportafolio\/04interiorismo\/Tridimensionar-03-Espumas-Valle%20(4).jpg', 'wp-content\/uploads\/2014\/galeriaportafolio\/04interiorismo\/Tridimensionar-03-Espumas-Valle%20(5).jpg', 'wp-content\/uploads\/2014\/galeriaportafolio\/04interiorismo\/Tridimensionar-03-Espumas-Valle%20(6).jpg', 'wp-content\/uploads\/2014\/galeriaportafolio\/04interiorismo\/Tridimensionar-04-Guarin02.jpg', 'wp-content\/uploads\/2014\/galeriaportafolio\/04interiorismo\/Tridimensionar-04-Guarin05.jpg', 'wp-content\/uploads\/2014\/galeriaportafolio\/04interiorismo\/Tridimensionar-05-Jamar%20(1).jpg', 'wp-content\/uploads\/2014\/galeriaportafolio\/04interiorismo\/Tridimensionar-05-Jamar%20(2).jpg', 'wp-content\/uploads\/2014\/galeriaportafolio\/04interiorismo\/Tridimensionar-06-Espumas-Litoral%20(1).jpg', 'wp-content\/uploads\/2014\/galeriaportafolio\/04interiorismo\/Tridimensionar-06-Espumas-Litoral%20(2).jpg', 'wp-content\/uploads\/2014\/galeriaportafolio\/04interiorismo\/Tridimensionar-06-Espumas-Litoral%20(3).jpg', 'wp-content\/uploads\/2014\/galeriaportafolio\/04interiorismo\/Tridimensionar-06-Espumas-Litoral%20(4).jpg', 'wp-content\/uploads\/2014\/galeriaportafolio\/04interiorismo\/Tridimensionar-06-Espumas-Litoral%20(5).jpg', 'wp-content\/uploads\/2014\/galeriaportafolio\/04interiorismo\/Tridimensionar-06-Espumas-Litoral%20(6).jpg', 'wp-content\/uploads\/2014\/galeriaportafolio\/04interiorismo\/Tridimensionar-06-Espumas-Litoral%20(7).jpg', 'wp-content\/uploads\/2014\/galeriaportafolio\/04interiorismo\/Tridimensionar-06-Espumas-Litoral%20(8).jpg', 'wp-content\/uploads\/2014\/galeriaportafolio\/04interiorismo\/Tridimensionar-07-Espumas-Valle%20(1).jpg', 'wp-content\/uploads\/2014\/galeriaportafolio\/04interiorismo\/Tridimensionar-07-Espumas-Valle%20(2).jpg', 'wp-content\/uploads\/2014\/galeriaportafolio\/04interiorismo\/Tridimensionar-07-Espumas-Valle%20(3).jpg', 'wp-content\/uploads\/2014\/galeriaportafolio\/04interiorismo\/Tridimensionar-07-Espumas-Valle%20(4).jpg', 'wp-content\/uploads\/2014\/galeriaportafolio\/04interiorismo\/Tridimensionar-07-Espumas-Valle%20(5).jpg', 'wp-content\/uploads\/2014\/galeriaportafolio\/04interiorismo\/Tridimensionar-07-Espumas-Valle%20(6).jpg', 'wp-content\/uploads\/2014\/galeriaportafolio\/04interiorismo\/Tridimensionar-07-Espumas-Valle%20(7).jpg']; var titles=['', '', '', '', '', '', '', '', '', '', '', '', '', '', '', '', '', '', '', '', '', '', '', '', '', '', '', '', '', '', '', '', '', '', '', '', '', '', '', '', '', '']; var descriptions=['', '', '', '', '', '', '', '', '', '', '', '', '', '', '', '', '', '', '', '', '', '', '', '', '', '', '', '', '', '', '', '', '', '', '', '', '', '', '', '', '', '']; jQuery.prettyPhoto.open(images,titles,descriptions);\" title=\"Galeria Interiorismo\" style=\"cursor: pointer;\"><img class=\"dShadow trans\" src=\"wp-content\/uploads\/2014\/galeriaportafolio\/04interiorismo\/Tridimensionar-01-Arrecife%20(1).jpg\"   border=\"0\" alt=\"Galeria Interiorismo\" \/><\/a><\/span><br \/>\n<\/span><\/p>\n","protected":false},"excerpt":{"rendered":"<p>INTERIORISMO El espacio interior, visto desde la perspectiva del entorno ef\u00edmero, nos permite jugar, transformar y crear efectos sensoriales con la implementaci\u00f3n de materiales, vol\u00famenes, mobiliario, tecnolog\u00eda e iluminaci\u00f3n, que [&hellip;]<\/p>\n","protected":false},"author":1,"featured_media":0,"parent":0,"menu_order":0,"comment_status":"closed","ping_status":"open","template":"template-fullwidth.php","meta":{"ngg_post_thumbnail":0},"categories":[],"tags":[],"_links":{"self":[{"href":"https:\/\/tridimensionar.com\/index.php?rest_route=\/wp\/v2\/pages\/479"}],"collection":[{"href":"https:\/\/tridimensionar.com\/index.php?rest_route=\/wp\/v2\/pages"}],"about":[{"href":"https:\/\/tridimensionar.com\/index.php?rest_route=\/wp\/v2\/types\/page"}],"author":[{"embeddable":true,"href":"https:\/\/tridimensionar.com\/index.php?rest_route=\/wp\/v2\/users\/1"}],"replies":[{"embeddable":true,"href":"https:\/\/tridimensionar.com\/index.php?rest_route=%2Fwp%2Fv2%2Fcomments&post=479"}],"version-history":[{"count":41,"href":"https:\/\/tridimensionar.com\/index.php?rest_route=\/wp\/v2\/pages\/479\/revisions"}],"predecessor-version":[{"id":1812,"href":"https:\/\/tridimensionar.com\/index.php?rest_route=\/wp\/v2\/pages\/479\/revisions\/1812"}],"wp:attachment":[{"href":"https:\/\/tridimensionar.com\/index.php?rest_route=%2Fwp%2Fv2%2Fmedia&parent=479"}],"wp:term":[{"taxonomy":"category","embeddable":true,"href":"https:\/\/tridimensionar.com\/index.php?rest_route=%2Fwp%2Fv2%2Fcategories&post=479"},{"taxonomy":"post_tag","embeddable":true,"href":"https:\/\/tridimensionar.com\/index.php?rest_route=%2Fwp%2Fv2%2Ftags&post=479"}],"curies":[{"name":"wp","href":"https:\/\/api.w.org\/{rel}","templated":true}]}}