{"id":482,"date":"2014-05-28T21:07:01","date_gmt":"2014-05-28T21:07:01","guid":{"rendered":"http:\/\/tridimensionar.com\/?page_id=482"},"modified":"2015-08-24T15:07:14","modified_gmt":"2015-08-24T20:07:14","slug":"espacios-comerciales","status":"publish","type":"page","link":"https:\/\/tridimensionar.com\/?page_id=482&lang=es","title":{"rendered":"ESPACIOS COMERCIALES"},"content":{"rendered":"<img src='wp-content\/uploads\/2014\/portafolio\/EComerciales\/espacioscomercialestridimensionar.jpg' height='auto' width='100%' title='' alt='' class='resize' \/>\n<p><strong>ESPACIOS COMERCIALES<\/strong><br \/>\n<span style=\"font-size: 13px; text-align: justify;\"><br \/>\nEl motivador principal para una venta exitosa, se ha ido transformando a trav\u00e9s del tiempo, desde la calidad y presentaci\u00f3n del producto ofrecido, hasta el entorno en el cual se exhibe. Es por ello entonces que la arquitectura entra a jugar un papel relevante en el dise\u00f1o de espacios comerciales, generando el ambiente propicio, consecuente y atractivo al consumidor.<\/span><\/p>\n<p>Tridimensionar con su grupo de dise\u00f1adores desde el proyecto arquitect\u00f3nico y de interiorismo, garantiza el total confort en cuanto a comodidad del mobiliario, climatizaci\u00f3n, ambientaci\u00f3n general entre otros aspectos b\u00e1sicos que en conjunto con la calidad servicio ofrecido, marcan la diferencia generando un mayor nivel de ventas.<\/p>\n<style type=\"text\/css\">\r\n\t#foogallery-gallery-1825 .fg-image {\r\n        width: 200px;\r\n    }\r\n<\/style>\r\n\t\t\t\t<div class=\"foogallery foogallery-container foogallery-default foogallery-lightbox-foobox-free fg-gutter-25 fg-center fg-default fg-light fg-border-thin fg-shadow-small fg-loading-default fg-loaded-fade-in fg-caption-hover fg-hover-fade fg-hover-zoom fg-ready\" id=\"foogallery-gallery-1825\" data-foogallery=\"{&quot;item&quot;:{&quot;showCaptionTitle&quot;:true,&quot;showCaptionDescription&quot;:true},&quot;lazy&quot;:true}\" >\r\n\t<div class=\"fg-item fg-type-image fg-idle\"><figure class=\"fg-item-inner\"><a href=\"https:\/\/tridimensionar.com\/wp-content\/uploads\/2015\/08\/tridimensionar-espcomerciales-1.jpg\" data-attachment-id=\"1828\" class=\"fg-thumb\"><span class=\"fg-image-wrap\"><img width=\"200\" height=\"200\" class=\"skip-lazy fg-image\" data-src-fg=\"https:\/\/tridimensionar.com\/wp-content\/uploads\/cache\/2015\/08\/tridimensionar-espcomerciales-1\/1119445507.jpg\" src=\"data:image\/svg+xml,%3Csvg%20xmlns%3D%22http%3A%2F%2Fwww.w3.org%2F2000%2Fsvg%22%20width%3D%22200%22%20height%3D%22200%22%20viewBox%3D%220%200%20200%20200%22%3E%3C%2Fsvg%3E\" loading=\"eager\" title=\"\" alt=\"\" \/><\/span><span class=\"fg-image-overlay\"><\/span><\/a><figcaption class=\"fg-caption\"><div class=\"fg-caption-inner\"><\/div><\/figcaption><\/figure><div class=\"fg-loader\"><\/div><\/div><div class=\"fg-item fg-type-image fg-idle\"><figure class=\"fg-item-inner\"><a href=\"https:\/\/tridimensionar.com\/wp-content\/uploads\/2015\/08\/tridimensionar-espcomerciales-2.jpg\" data-attachment-id=\"1829\" class=\"fg-thumb\"><span class=\"fg-image-wrap\"><img width=\"200\" height=\"200\" class=\"skip-lazy fg-image\" data-src-fg=\"https:\/\/tridimensionar.com\/wp-content\/uploads\/cache\/2015\/08\/tridimensionar-espcomerciales-2\/2505762913.jpg\" src=\"data:image\/svg+xml,%3Csvg%20xmlns%3D%22http%3A%2F%2Fwww.w3.org%2F2000%2Fsvg%22%20width%3D%22200%22%20height%3D%22200%22%20viewBox%3D%220%200%20200%20200%22%3E%3C%2Fsvg%3E\" loading=\"eager\" title=\"\" alt=\"\" \/><\/span><span class=\"fg-image-overlay\"><\/span><\/a><figcaption class=\"fg-caption\"><div class=\"fg-caption-inner\"><\/div><\/figcaption><\/figure><div class=\"fg-loader\"><\/div><\/div><div class=\"fg-item fg-type-image fg-idle\"><figure class=\"fg-item-inner\"><a href=\"https:\/\/tridimensionar.com\/wp-content\/uploads\/2015\/08\/tridimensionar-espcomerciales-3.jpg\" data-attachment-id=\"1830\" class=\"fg-thumb\"><span class=\"fg-image-wrap\"><img width=\"200\" height=\"200\" class=\"skip-lazy fg-image\" data-src-fg=\"https:\/\/tridimensionar.com\/wp-content\/uploads\/cache\/2015\/08\/tridimensionar-espcomerciales-3\/1015929998.jpg\" src=\"data:image\/svg+xml,%3Csvg%20xmlns%3D%22http%3A%2F%2Fwww.w3.org%2F2000%2Fsvg%22%20width%3D%22200%22%20height%3D%22200%22%20viewBox%3D%220%200%20200%20200%22%3E%3C%2Fsvg%3E\" loading=\"eager\" title=\"\" alt=\"\" \/><\/span><span class=\"fg-image-overlay\"><\/span><\/a><figcaption class=\"fg-caption\"><div class=\"fg-caption-inner\"><\/div><\/figcaption><\/figure><div class=\"fg-loader\"><\/div><\/div><div class=\"fg-item fg-type-image fg-idle\"><figure class=\"fg-item-inner\"><a href=\"https:\/\/tridimensionar.com\/wp-content\/uploads\/2015\/08\/tridimensionar-espcomerciales-4.jpg\" data-attachment-id=\"1831\" class=\"fg-thumb\"><span class=\"fg-image-wrap\"><img width=\"200\" height=\"200\" class=\"skip-lazy fg-image\" data-src-fg=\"https:\/\/tridimensionar.com\/wp-content\/uploads\/cache\/2015\/08\/tridimensionar-espcomerciales-4\/1864652822.jpg\" src=\"data:image\/svg+xml,%3Csvg%20xmlns%3D%22http%3A%2F%2Fwww.w3.org%2F2000%2Fsvg%22%20width%3D%22200%22%20height%3D%22200%22%20viewBox%3D%220%200%20200%20200%22%3E%3C%2Fsvg%3E\" loading=\"eager\" title=\"\" alt=\"\" \/><\/span><span class=\"fg-image-overlay\"><\/span><\/a><figcaption class=\"fg-caption\"><div class=\"fg-caption-inner\"><\/div><\/figcaption><\/figure><div class=\"fg-loader\"><\/div><\/div><div class=\"fg-item fg-type-image fg-idle\"><figure class=\"fg-item-inner\"><a href=\"https:\/\/tridimensionar.com\/wp-content\/uploads\/2015\/08\/tridimensionar-espcomerciales-5.jpg\" data-attachment-id=\"1832\" class=\"fg-thumb\"><span class=\"fg-image-wrap\"><img width=\"200\" height=\"200\" class=\"skip-lazy fg-image\" data-src-fg=\"https:\/\/tridimensionar.com\/wp-content\/uploads\/cache\/2015\/08\/tridimensionar-espcomerciales-5\/1211878923.jpg\" src=\"data:image\/svg+xml,%3Csvg%20xmlns%3D%22http%3A%2F%2Fwww.w3.org%2F2000%2Fsvg%22%20width%3D%22200%22%20height%3D%22200%22%20viewBox%3D%220%200%20200%20200%22%3E%3C%2Fsvg%3E\" loading=\"eager\" title=\"\" alt=\"\" \/><\/span><span class=\"fg-image-overlay\"><\/span><\/a><figcaption class=\"fg-caption\"><div class=\"fg-caption-inner\"><\/div><\/figcaption><\/figure><div class=\"fg-loader\"><\/div><\/div><div class=\"fg-item fg-type-image fg-idle\"><figure class=\"fg-item-inner\"><a href=\"https:\/\/tridimensionar.com\/wp-content\/uploads\/2015\/08\/tridimensionar-espcomerciales-6.jpg\" data-attachment-id=\"1838\" class=\"fg-thumb\"><span class=\"fg-image-wrap\"><img width=\"200\" height=\"200\" class=\"skip-lazy fg-image\" data-src-fg=\"https:\/\/tridimensionar.com\/wp-content\/uploads\/cache\/2015\/08\/tridimensionar-espcomerciales-6\/3533354017.jpg\" src=\"data:image\/svg+xml,%3Csvg%20xmlns%3D%22http%3A%2F%2Fwww.w3.org%2F2000%2Fsvg%22%20width%3D%22200%22%20height%3D%22200%22%20viewBox%3D%220%200%20200%20200%22%3E%3C%2Fsvg%3E\" loading=\"eager\" title=\"\" alt=\"\" \/><\/span><span class=\"fg-image-overlay\"><\/span><\/a><figcaption class=\"fg-caption\"><div class=\"fg-caption-inner\"><\/div><\/figcaption><\/figure><div class=\"fg-loader\"><\/div><\/div><\/div>\r\n\n<p><span style=\"font-size: 13px; text-align: justify;\"><br \/>\nClick aqu\u00ed para ver m\u00e1s im\u00e1genes<br \/>\n<span class=\"wp-easy-gallery\"><a onclick=\"var images=['wp-content\/uploads\/2014\/galeriaportafolio\/05espacioscomerciales\/Tridimensionar-01-Espumas-Valle-Interior1.jpg', 'wp-content\/uploads\/2014\/galeriaportafolio\/05espacioscomerciales\/Tridimensionar-01-Espumas-Valle-Interior4.jpg', 'wp-content\/uploads\/2014\/galeriaportafolio\/05espacioscomerciales\/Tridimensionar-01-Espumas-Valle-Mueble-Accesorios01.jpg', 'wp-content\/uploads\/2014\/galeriaportafolio\/05espacioscomerciales\/Tridimensionar-01-Espumas-Valle-Sala-de-ventas01.jpg', 'wp-content\/uploads\/2014\/galeriaportafolio\/05espacioscomerciales\/Tridimensionar-01-Espumas-Valle-Sala-de-ventas03.jpg', 'wp-content\/uploads\/2014\/galeriaportafolio\/05espacioscomerciales\/Tridimensionar-01-Espumas-Valle-Sala-de-ventas04.jpg', 'wp-content\/uploads\/2014\/galeriaportafolio\/05espacioscomerciales\/Tridimensionar-01-Espumas-Valle-Sala-de-ventas05.jpg', 'wp-content\/uploads\/2014\/galeriaportafolio\/05espacioscomerciales\/Tridimensionar-02-Espumas-Medellin-Exterior02.jpg', 'wp-content\/uploads\/2014\/galeriaportafolio\/05espacioscomerciales\/Tridimensionar-02-Espumas-Medellin-Interior03.jpg', 'wp-content\/uploads\/2014\/galeriaportafolio\/05espacioscomerciales\/Tridimensionar-02-Espumas-Medellin-Interior04.jpg', 'wp-content\/uploads\/2014\/galeriaportafolio\/05espacioscomerciales\/Tridimensionar-02-Espumas-Medellin-Accesorios01.jpg', 'wp-content\/uploads\/2014\/galeriaportafolio\/05espacioscomerciales\/Tridimensionar-02-Olimpica-Quinta01.jpg', 'wp-content\/uploads\/2014\/galeriaportafolio\/05espacioscomerciales\/Tridimensionar-03-Jamar-Interior-Final%20(1).jpg', 'wp-content\/uploads\/2014\/galeriaportafolio\/05espacioscomerciales\/Tridimensionar-03-Jamar-Interior-Final%20(2).jpg', 'wp-content\/uploads\/2014\/galeriaportafolio\/05espacioscomerciales\/Tridimensionar-03-Jamar-Interior-Final%20(3).jpg', 'wp-content\/uploads\/2014\/galeriaportafolio\/05espacioscomerciales\/Tridimensionar-03-Jamar-Interior-Final%20(4).jpg', 'wp-content\/uploads\/2014\/galeriaportafolio\/05espacioscomerciales\/Tridimensionar-04-La-14-Bogota%20(1).jpg', 'wp-content\/uploads\/2014\/galeriaportafolio\/05espacioscomerciales\/Tridimensionar-04-La-14-Bogota%20(2).jpg', 'wp-content\/uploads\/2014\/galeriaportafolio\/05espacioscomerciales\/Tridimensionar-04-La-14-Bogota%20(3).jpg', 'wp-content\/uploads\/2014\/galeriaportafolio\/05espacioscomerciales\/Tridimensionar-04-La-14-Bogota%20(4).jpg', 'wp-content\/uploads\/2014\/galeriaportafolio\/05espacioscomerciales\/Tridimensionar-04-La-14-Bogota%20(5).jpg', 'wp-content\/uploads\/2014\/galeriaportafolio\/05espacioscomerciales\/Tridimensionar-04-La-14-Bogota%20(6).jpg', 'wp-content\/uploads\/2014\/galeriaportafolio\/05espacioscomerciales\/Tridimensionar-05-Mattelsa%20(1).jpg', 'wp-content\/uploads\/2014\/galeriaportafolio\/05espacioscomerciales\/Tridimensionar-05-Mattelsa%20(2).jpg', 'wp-content\/uploads\/2014\/galeriaportafolio\/05espacioscomerciales\/Tridimensionar-05-Mattelsa%20(3).jpg', 'wp-content\/uploads\/2014\/galeriaportafolio\/05espacioscomerciales\/Tridimensionar-05-Mattelsa%20(4).jpg']; var titles=['', '', '', '', '', '', '', '', '', '', '', '', '', '', '', '', '', '', '', '', '', '', '', '', '', '']; var descriptions=['', '', '', '', '', '', '', '', '', '', '', '', '', '', '', '', '', '', '', '', '', '', '', '', '', '']; jQuery.prettyPhoto.open(images,titles,descriptions);\" title=\"Galeria Espacios Comerciales\" style=\"cursor: pointer;\"><img class=\"dShadow trans\" src=\"wp-content\/uploads\/2014\/galeriaportafolio\/05espacioscomerciales\/Tridimensionar-01-Espumas-Valle-Interior1.jpg\"   border=\"0\" alt=\"Galeria Espacios Comerciales\" \/><\/a><\/span><br \/>\n<\/span><\/p>\n","protected":false},"excerpt":{"rendered":"<p>ESPACIOS COMERCIALES El motivador principal para una venta exitosa, se ha ido transformando a trav\u00e9s del tiempo, desde la calidad y presentaci\u00f3n del producto ofrecido, hasta el entorno en el [&hellip;]<\/p>\n","protected":false},"author":1,"featured_media":0,"parent":0,"menu_order":0,"comment_status":"closed","ping_status":"open","template":"template-fullwidth.php","meta":{"ngg_post_thumbnail":0},"categories":[],"tags":[],"_links":{"self":[{"href":"https:\/\/tridimensionar.com\/index.php?rest_route=\/wp\/v2\/pages\/482"}],"collection":[{"href":"https:\/\/tridimensionar.com\/index.php?rest_route=\/wp\/v2\/pages"}],"about":[{"href":"https:\/\/tridimensionar.com\/index.php?rest_route=\/wp\/v2\/types\/page"}],"author":[{"embeddable":true,"href":"https:\/\/tridimensionar.com\/index.php?rest_route=\/wp\/v2\/users\/1"}],"replies":[{"embeddable":true,"href":"https:\/\/tridimensionar.com\/index.php?rest_route=%2Fwp%2Fv2%2Fcomments&post=482"}],"version-history":[{"count":19,"href":"https:\/\/tridimensionar.com\/index.php?rest_route=\/wp\/v2\/pages\/482\/revisions"}],"predecessor-version":[{"id":1826,"href":"https:\/\/tridimensionar.com\/index.php?rest_route=\/wp\/v2\/pages\/482\/revisions\/1826"}],"wp:attachment":[{"href":"https:\/\/tridimensionar.com\/index.php?rest_route=%2Fwp%2Fv2%2Fmedia&parent=482"}],"wp:term":[{"taxonomy":"category","embeddable":true,"href":"https:\/\/tridimensionar.com\/index.php?rest_route=%2Fwp%2Fv2%2Fcategories&post=482"},{"taxonomy":"post_tag","embeddable":true,"href":"https:\/\/tridimensionar.com\/index.php?rest_route=%2Fwp%2Fv2%2Ftags&post=482"}],"curies":[{"name":"wp","href":"https:\/\/api.w.org\/{rel}","templated":true}]}}