{"id":484,"date":"2014-05-28T21:07:23","date_gmt":"2014-05-28T21:07:23","guid":{"rendered":"http:\/\/tridimensionar.com\/?page_id=484"},"modified":"2015-08-24T15:18:06","modified_gmt":"2015-08-24T20:18:06","slug":"espacios-industriales","status":"publish","type":"page","link":"https:\/\/tridimensionar.com\/?page_id=484&lang=es","title":{"rendered":"ESPACIOS INDUSTRIALES"},"content":{"rendered":"<img src='wp-content\/uploads\/2014\/06\/industria.jpg' height='auto' width='100%' title='' alt='' class='resize' \/>\n<p><strong>ESPACIOS INDUSTRIALES<\/strong><br \/>\n<span style=\"font-size: 13px; text-align: justify;\"><br \/>\nNuestra experiencia nos permite mostrar un amplio recorrido en la construcci\u00f3n de espacios industriales, con la seriedad que genera seguridad y satisfacci\u00f3n en nuestros clientes al momento de realizar obras de gran tama\u00f1o, ajustados en todo caso a los tiempos programados.<\/p>\n<p>Contamos con una alta capacidad de respuesta en obras de gran complejidad donde extremamos las exigencias por el cumplimiento de la normatividad en sismo resistencia para garantizar estructuras seguras que inspiren plena confianza en quienes nos conf\u00edan sus proyectos.<\/span><\/p>\n<p>&nbsp;&nbsp;<\/p>\n<style type=\"text\/css\">\r\n\t#foogallery-gallery-1840 .fg-image {\r\n        width: 200px;\r\n    }\r\n<\/style>\r\n\t\t\t\t<div class=\"foogallery foogallery-container foogallery-default foogallery-lightbox-foobox-free fg-gutter-25 fg-center fg-default fg-light fg-border-thin fg-shadow-small fg-loading-default fg-loaded-fade-in fg-caption-hover fg-hover-fade fg-hover-zoom fg-ready\" id=\"foogallery-gallery-1840\" data-foogallery=\"{&quot;item&quot;:{&quot;showCaptionTitle&quot;:true,&quot;showCaptionDescription&quot;:true},&quot;lazy&quot;:true}\" >\r\n\t<div class=\"fg-item fg-type-image fg-idle\"><figure class=\"fg-item-inner\"><a href=\"https:\/\/tridimensionar.com\/wp-content\/uploads\/2015\/08\/tridimensionar-espindustriales-1.jpg\" data-attachment-id=\"1841\" class=\"fg-thumb\"><span class=\"fg-image-wrap\"><img width=\"200\" height=\"200\" class=\"skip-lazy fg-image\" data-src-fg=\"https:\/\/tridimensionar.com\/wp-content\/uploads\/cache\/2015\/08\/tridimensionar-espindustriales-1\/1340097805.jpg\" src=\"data:image\/svg+xml,%3Csvg%20xmlns%3D%22http%3A%2F%2Fwww.w3.org%2F2000%2Fsvg%22%20width%3D%22200%22%20height%3D%22200%22%20viewBox%3D%220%200%20200%20200%22%3E%3C%2Fsvg%3E\" loading=\"eager\" title=\"\" alt=\"\" \/><\/span><span class=\"fg-image-overlay\"><\/span><\/a><figcaption class=\"fg-caption\"><div class=\"fg-caption-inner\"><\/div><\/figcaption><\/figure><div class=\"fg-loader\"><\/div><\/div><div class=\"fg-item fg-type-image fg-idle\"><figure class=\"fg-item-inner\"><a href=\"https:\/\/tridimensionar.com\/wp-content\/uploads\/2015\/08\/tridimensionar-espindustriales-2.jpg\" data-attachment-id=\"1842\" class=\"fg-thumb\"><span class=\"fg-image-wrap\"><img width=\"200\" height=\"200\" class=\"skip-lazy fg-image\" data-src-fg=\"https:\/\/tridimensionar.com\/wp-content\/uploads\/cache\/2015\/08\/tridimensionar-espindustriales-2\/3040159202.jpg\" src=\"data:image\/svg+xml,%3Csvg%20xmlns%3D%22http%3A%2F%2Fwww.w3.org%2F2000%2Fsvg%22%20width%3D%22200%22%20height%3D%22200%22%20viewBox%3D%220%200%20200%20200%22%3E%3C%2Fsvg%3E\" loading=\"eager\" title=\"\" alt=\"\" \/><\/span><span class=\"fg-image-overlay\"><\/span><\/a><figcaption class=\"fg-caption\"><div class=\"fg-caption-inner\"><\/div><\/figcaption><\/figure><div class=\"fg-loader\"><\/div><\/div><div class=\"fg-item fg-type-image fg-idle\"><figure class=\"fg-item-inner\"><a href=\"https:\/\/tridimensionar.com\/wp-content\/uploads\/2015\/08\/tridimensionar-espindustriales-3.jpg\" data-attachment-id=\"1843\" class=\"fg-thumb\"><span class=\"fg-image-wrap\"><img width=\"200\" height=\"200\" class=\"skip-lazy fg-image\" data-src-fg=\"https:\/\/tridimensionar.com\/wp-content\/uploads\/cache\/2015\/08\/tridimensionar-espindustriales-3\/3816421959.jpg\" src=\"data:image\/svg+xml,%3Csvg%20xmlns%3D%22http%3A%2F%2Fwww.w3.org%2F2000%2Fsvg%22%20width%3D%22200%22%20height%3D%22200%22%20viewBox%3D%220%200%20200%20200%22%3E%3C%2Fsvg%3E\" loading=\"eager\" title=\"\" alt=\"\" \/><\/span><span class=\"fg-image-overlay\"><\/span><\/a><figcaption class=\"fg-caption\"><div class=\"fg-caption-inner\"><\/div><\/figcaption><\/figure><div class=\"fg-loader\"><\/div><\/div><div class=\"fg-item fg-type-image fg-idle\"><figure class=\"fg-item-inner\"><a href=\"https:\/\/tridimensionar.com\/wp-content\/uploads\/2015\/08\/tridimensionar-espindustriales-4.jpg\" data-attachment-id=\"1844\" class=\"fg-thumb\"><span class=\"fg-image-wrap\"><img width=\"200\" height=\"200\" class=\"skip-lazy fg-image\" data-src-fg=\"https:\/\/tridimensionar.com\/wp-content\/uploads\/cache\/2015\/08\/tridimensionar-espindustriales-4\/2616124029.jpg\" src=\"data:image\/svg+xml,%3Csvg%20xmlns%3D%22http%3A%2F%2Fwww.w3.org%2F2000%2Fsvg%22%20width%3D%22200%22%20height%3D%22200%22%20viewBox%3D%220%200%20200%20200%22%3E%3C%2Fsvg%3E\" loading=\"eager\" title=\"\" alt=\"\" \/><\/span><span class=\"fg-image-overlay\"><\/span><\/a><figcaption class=\"fg-caption\"><div class=\"fg-caption-inner\"><\/div><\/figcaption><\/figure><div class=\"fg-loader\"><\/div><\/div><div class=\"fg-item fg-type-image fg-idle\"><figure class=\"fg-item-inner\"><a href=\"https:\/\/tridimensionar.com\/wp-content\/uploads\/2015\/08\/tridimensionar-espindustriales-5.jpg\" data-attachment-id=\"1845\" class=\"fg-thumb\"><span class=\"fg-image-wrap\"><img width=\"200\" height=\"200\" class=\"skip-lazy fg-image\" data-src-fg=\"https:\/\/tridimensionar.com\/wp-content\/uploads\/cache\/2015\/08\/tridimensionar-espindustriales-5\/3449961944.jpg\" src=\"data:image\/svg+xml,%3Csvg%20xmlns%3D%22http%3A%2F%2Fwww.w3.org%2F2000%2Fsvg%22%20width%3D%22200%22%20height%3D%22200%22%20viewBox%3D%220%200%20200%20200%22%3E%3C%2Fsvg%3E\" loading=\"eager\" title=\"\" alt=\"\" \/><\/span><span class=\"fg-image-overlay\"><\/span><\/a><figcaption class=\"fg-caption\"><div class=\"fg-caption-inner\"><\/div><\/figcaption><\/figure><div class=\"fg-loader\"><\/div><\/div><div class=\"fg-item fg-type-image fg-idle\"><figure class=\"fg-item-inner\"><a href=\"https:\/\/tridimensionar.com\/wp-content\/uploads\/2015\/08\/tridimensionar-espindustriales-6.jpg\" data-attachment-id=\"1846\" class=\"fg-thumb\"><span class=\"fg-image-wrap\"><img width=\"200\" height=\"200\" class=\"skip-lazy fg-image\" data-src-fg=\"https:\/\/tridimensionar.com\/wp-content\/uploads\/cache\/2015\/08\/tridimensionar-espindustriales-6\/930569527.jpg\" src=\"data:image\/svg+xml,%3Csvg%20xmlns%3D%22http%3A%2F%2Fwww.w3.org%2F2000%2Fsvg%22%20width%3D%22200%22%20height%3D%22200%22%20viewBox%3D%220%200%20200%20200%22%3E%3C%2Fsvg%3E\" loading=\"eager\" title=\"\" alt=\"\" \/><\/span><span class=\"fg-image-overlay\"><\/span><\/a><figcaption class=\"fg-caption\"><div class=\"fg-caption-inner\"><\/div><\/figcaption><\/figure><div class=\"fg-loader\"><\/div><\/div><\/div>\r\n\n<p><span style=\"font-size: 13px; text-align: justify;\"><br \/>\nClick aqu\u00ed para ver m\u00e1s im\u00e1genes<br \/>\n<span class=\"wp-easy-gallery\"><a onclick=\"var images=['wp-content\/uploads\/2014\/galeriaportafolio\/06espaciosindustriales\/Tridimensionar-01-Suzuki%20(1).jpg', 'wp-content\/uploads\/2014\/galeriaportafolio\/06espaciosindustriales\/Tridimensionar-01-Suzuki%20(2).jpg', 'wp-content\/uploads\/2014\/galeriaportafolio\/06espaciosindustriales\/Tridimensionar-01-Suzuki%20(3).jpg', 'wp-content\/uploads\/2014\/galeriaportafolio\/06espaciosindustriales\/Tridimensionar-01-Suzuki%20(4).jpg', 'wp-content\/uploads\/2014\/galeriaportafolio\/06espaciosindustriales\/Tridimensionar-01-Suzuki%20(5).jpg', 'wp-content\/uploads\/2014\/galeriaportafolio\/06espaciosindustriales\/Tridimensionar-01-Suzuki%20(6).jpg', 'wp-content\/uploads\/2014\/galeriaportafolio\/06espaciosindustriales\/Tridimensionar-01-Suzuki%20(7).jpg', 'wp-content\/uploads\/2014\/galeriaportafolio\/06espaciosindustriales\/Tridimensionar-01-Suzuki%20(8).jpg', 'wp-content\/uploads\/2014\/galeriaportafolio\/06espaciosindustriales\/Tridimensionar-01-Suzuki%20(9).jpg', 'wp-content\/uploads\/2014\/galeriaportafolio\/06espaciosindustriales\/Tridimensionar-01-Suzuki%20(10).jpg', 'wp-content\/uploads\/2014\/galeriaportafolio\/06espaciosindustriales\/Tridimensionar-01-Suzuki%20(11).jpg', 'wp-content\/uploads\/2014\/galeriaportafolio\/06espaciosindustriales\/Tridimensionar-01-Suzuki%20(12).jpg', 'wp-content\/uploads\/2014\/galeriaportafolio\/06espaciosindustriales\/Tridimensionar-01-Suzuki%20(13).jpg', 'wp-content\/uploads\/2014\/galeriaportafolio\/06espaciosindustriales\/Tridimensionar-01-Suzuki%20(14).jpg', 'wp-content\/uploads\/2014\/galeriaportafolio\/06espaciosindustriales\/Tridimensionar-01-Suzuki%20(15).jpg', 'wp-content\/uploads\/2014\/galeriaportafolio\/06espaciosindustriales\/Tridimensionar-01-Suzuki%20(16).jpg', 'wp-content\/uploads\/2014\/galeriaportafolio\/06espaciosindustriales\/Tridimensionar-01-Suzuki%20(17).jpg', 'wp-content\/uploads\/2014\/galeriaportafolio\/06espaciosindustriales\/Tridimensionar-01-Suzuki%20(18).jpg', 'wp-content\/uploads\/2014\/galeriaportafolio\/06espaciosindustriales\/Tridimensionar-01-Suzuki%20(19).jpg', 'wp-content\/uploads\/2014\/galeriaportafolio\/06espaciosindustriales\/Tridimensionar-01-Suzuki%20(20).jpg', 'wp-content\/uploads\/2014\/galeriaportafolio\/06espaciosindustriales\/Tridimensionar-02-Espumas-Medellin%20(1).jpg', 'wp-content\/uploads\/2014\/galeriaportafolio\/06espaciosindustriales\/Tridimensionar-02-Espumas-Medellin%20(2).jpg', 'wp-content\/uploads\/2014\/galeriaportafolio\/06espaciosindustriales\/Tridimensionar-02-Espumas-Medellin%20(3).jpg', 'wp-content\/uploads\/2014\/galeriaportafolio\/06espaciosindustriales\/Tridimensionar-02-Espumas-Medellin%20(4).jpg', 'wp-content\/uploads\/2014\/galeriaportafolio\/06espaciosindustriales\/Tridimensionar-02-Espumas-Medellin%20(5).jpg', 'wp-content\/uploads\/2014\/galeriaportafolio\/06espaciosindustriales\/Tridimensionar-02-Espumas-Medellin%20(6).jpg', 'wp-content\/uploads\/2014\/galeriaportafolio\/06espaciosindustriales\/Tridimensionar-02-Espumas-Medellin%20(7).jpg', 'wp-content\/uploads\/2014\/galeriaportafolio\/06espaciosindustriales\/Tridimensionar-02-Espumas-Medellin%20(8).jpg', 'wp-content\/uploads\/2014\/galeriaportafolio\/06espaciosindustriales\/Tridimensionar-02-Espumas-Medellin%20(9).jpg', 'wp-content\/uploads\/2014\/galeriaportafolio\/06espaciosindustriales\/Tridimensionar-02-Espumas-Medellin%20(10).jpg', 'wp-content\/uploads\/2014\/galeriaportafolio\/06espaciosindustriales\/Tridimensionar-02-Espumas-Medellin%20(11).jpg', 'wp-content\/uploads\/2014\/galeriaportafolio\/06espaciosindustriales\/Tridimensionar-02-Espumas-Medellin%20(12).jpg', 'wp-content\/uploads\/2014\/galeriaportafolio\/06espaciosindustriales\/Tridimensionar-02-Espumas-Medellin%20(13).jpg', 'wp-content\/uploads\/2014\/galeriaportafolio\/06espaciosindustriales\/Tridimensionar-03-Espumas-Valle%20(1).jpg', 'wp-content\/uploads\/2014\/galeriaportafolio\/06espaciosindustriales\/Tridimensionar-03-Espumas-Valle%20(2).jpg', 'wp-content\/uploads\/2014\/galeriaportafolio\/06espaciosindustriales\/Tridimensionar-03-Espumas-Valle%20(3).jpg', 'wp-content\/uploads\/2014\/galeriaportafolio\/06espaciosindustriales\/Tridimensionar-03-Espumas-Valle%20(4).jpg']; var titles=['', '', '', '', '', '', '', '', '', '', '', '', '', '', '', '', '', '', '', '', '', '', '', '', '', '', '', '', '', '', '', '', '', '', '', '', '']; var descriptions=['', '', '', '', '', '', '', '', '', '', '', '', '', '', '', '', '', '', '', '', '', '', '', '', '', '', '', '', '', '', '', '', '', '', '', '', '']; jQuery.prettyPhoto.open(images,titles,descriptions);\" title=\"Galeria Espacios Industriales\" style=\"cursor: pointer;\"><img class=\"dShadow trans\" src=\"wp-content\/uploads\/2014\/galeriaportafolio\/06espaciosindustriales\/Tridimensionar-01-Suzuki%20(1).jpg\"   border=\"0\" alt=\"Galeria Espacios Industriales\" \/><\/a><\/span><br \/>\n<\/span><\/p>\n","protected":false},"excerpt":{"rendered":"<p>ESPACIOS INDUSTRIALES Nuestra experiencia nos permite mostrar un amplio recorrido en la construcci\u00f3n de espacios industriales, con la seriedad que genera seguridad y satisfacci\u00f3n en nuestros clientes al momento de [&hellip;]<\/p>\n","protected":false},"author":1,"featured_media":0,"parent":0,"menu_order":0,"comment_status":"closed","ping_status":"open","template":"template-fullwidth.php","meta":{"ngg_post_thumbnail":0},"categories":[],"tags":[],"_links":{"self":[{"href":"https:\/\/tridimensionar.com\/index.php?rest_route=\/wp\/v2\/pages\/484"}],"collection":[{"href":"https:\/\/tridimensionar.com\/index.php?rest_route=\/wp\/v2\/pages"}],"about":[{"href":"https:\/\/tridimensionar.com\/index.php?rest_route=\/wp\/v2\/types\/page"}],"author":[{"embeddable":true,"href":"https:\/\/tridimensionar.com\/index.php?rest_route=\/wp\/v2\/users\/1"}],"replies":[{"embeddable":true,"href":"https:\/\/tridimensionar.com\/index.php?rest_route=%2Fwp%2Fv2%2Fcomments&post=484"}],"version-history":[{"count":35,"href":"https:\/\/tridimensionar.com\/index.php?rest_route=\/wp\/v2\/pages\/484\/revisions"}],"predecessor-version":[{"id":1848,"href":"https:\/\/tridimensionar.com\/index.php?rest_route=\/wp\/v2\/pages\/484\/revisions\/1848"}],"wp:attachment":[{"href":"https:\/\/tridimensionar.com\/index.php?rest_route=%2Fwp%2Fv2%2Fmedia&parent=484"}],"wp:term":[{"taxonomy":"category","embeddable":true,"href":"https:\/\/tridimensionar.com\/index.php?rest_route=%2Fwp%2Fv2%2Fcategories&post=484"},{"taxonomy":"post_tag","embeddable":true,"href":"https:\/\/tridimensionar.com\/index.php?rest_route=%2Fwp%2Fv2%2Ftags&post=484"}],"curies":[{"name":"wp","href":"https:\/\/api.w.org\/{rel}","templated":true}]}}