{"id":497,"date":"2014-05-28T21:13:10","date_gmt":"2014-05-28T21:13:10","guid":{"rendered":"http:\/\/tridimensionar.com\/?page_id=497"},"modified":"2015-05-04T10:28:01","modified_gmt":"2015-05-04T15:28:01","slug":"linea-etica","status":"publish","type":"page","link":"https:\/\/tridimensionar.com\/?page_id=497&lang=es","title":{"rendered":"LINEA \u00c9TICA"},"content":{"rendered":"<br \/>\n<table width=\"100%\" border=\"0\" cellspacing=\"0\" cellpadding=\"0\">\n<tr style=\"border-bottom:#000 10px solid; padding-bottom:10px;\">\n<td width=\"12%\">\n<div class=\"img-shadow\"><img loading=\"lazy\" style=\"padding:16px 5px 15px 26px; border:none;\" src=\"wp-content\/uploads\/2014\/06\/contact_image.jpg\" height=\"250\" width=\"215\" class=\"thumb\" title=\"\" alt=\"\" \/><\/div>\n<\/td>\n<td style=\"padding:10px 30px 0 20px; text-align:justify;\" valign=\"top\" class=\"wording\">\n<p style=\"font-size: 13px; font-family: Arial, Helvetica, sans-serif; color: #1b1c1c;\">\n                    <strong style=\"font-size: 13px; font-family: Arial, Helvetica, sans-serif; color: #fff;\"><br \/>\nLINEA \u00c9TICA<br \/>\n<\/strong><\/p>\n<p>                   En respuesta a las responsabilidades que TRIDIMENSIONAR S.A. tiene frente a la sociedad y cumpliendo con lo estipulado en los principios \u00e9ticos empresariales, los colaboradores vinculados a nuestra empresa deben actuar siempre dentro de los par\u00e1metros plasmados en la identificaci\u00f3n de la sociedad, los cuales se ven reflejados en el buen ambiente y la satisfacci\u00f3n plena de clientes, proveedores, colaboradores y la comunidad en general, por eso hemos creado un canal de comunicaci\u00f3n en nuestra p\u00e1gina web disponible 24 horas, 7 d\u00edas a la semana donde se podr\u00e1 reportar aquellos actos de los funcionarios relacionados con TRIDIMENSIONAR S.A. que se consideren inapropiados.<\/p>\n<\/td>\n<\/tr>\n<\/table>\n","protected":false},"excerpt":{"rendered":"<p>LINEA \u00c9TICA En respuesta a las responsabilidades que TRIDIMENSIONAR S.A. tiene frente a la sociedad y cumpliendo con lo estipulado en los principios \u00e9ticos empresariales, los colaboradores vinculados a nuestra [&hellip;]<\/p>\n","protected":false},"author":1,"featured_media":0,"parent":0,"menu_order":0,"comment_status":"closed","ping_status":"open","template":"template-fullwidth.php","meta":{"ngg_post_thumbnail":0},"categories":[],"tags":[],"_links":{"self":[{"href":"https:\/\/tridimensionar.com\/index.php?rest_route=\/wp\/v2\/pages\/497"}],"collection":[{"href":"https:\/\/tridimensionar.com\/index.php?rest_route=\/wp\/v2\/pages"}],"about":[{"href":"https:\/\/tridimensionar.com\/index.php?rest_route=\/wp\/v2\/types\/page"}],"author":[{"embeddable":true,"href":"https:\/\/tridimensionar.com\/index.php?rest_route=\/wp\/v2\/users\/1"}],"replies":[{"embeddable":true,"href":"https:\/\/tridimensionar.com\/index.php?rest_route=%2Fwp%2Fv2%2Fcomments&post=497"}],"version-history":[{"count":20,"href":"https:\/\/tridimensionar.com\/index.php?rest_route=\/wp\/v2\/pages\/497\/revisions"}],"predecessor-version":[{"id":1361,"href":"https:\/\/tridimensionar.com\/index.php?rest_route=\/wp\/v2\/pages\/497\/revisions\/1361"}],"wp:attachment":[{"href":"https:\/\/tridimensionar.com\/index.php?rest_route=%2Fwp%2Fv2%2Fmedia&parent=497"}],"wp:term":[{"taxonomy":"category","embeddable":true,"href":"https:\/\/tridimensionar.com\/index.php?rest_route=%2Fwp%2Fv2%2Fcategories&post=497"},{"taxonomy":"post_tag","embeddable":true,"href":"https:\/\/tridimensionar.com\/index.php?rest_route=%2Fwp%2Fv2%2Ftags&post=497"}],"curies":[{"name":"wp","href":"https:\/\/api.w.org\/{rel}","templated":true}]}}